{"id":16,"date":"2016-03-05T15:47:49","date_gmt":"2016-03-05T15:47:49","guid":{"rendered":"http:\/\/quartierverein-zollikerberg.ch.marissa.ch-meta.net\/?page_id=16"},"modified":"2016-04-05T20:30:18","modified_gmt":"2016-04-05T18:30:18","slug":"unser-quartier","status":"publish","type":"page","link":"https:\/\/quartierverein-zollikerberg.ch\/?page_id=16","title":{"rendered":"Unser Quartier"},"content":{"rendered":"<div class=\"widget-pane-section-facts-description\"><span class=\"widget-pane-section-facts-description-text\">Der Zollikerberg ist der \u00f6stliche, h\u00f6her gelegene Dorfteil der Gemeinde Zollikon im Kanton Z\u00fcrich in der Schweiz. Er ist vom eigentlichen Dorf durch einen H\u00f6henr\u00fccken und einen breiten Waldg\u00fcrtel getrennt.\u00a0<\/span><span class=\"widget-pane-section-facts-attribute\">H\u00f6he: \u00a0\u00a0<\/span>605\u00a0m<\/div>\n<div class=\"widget-pane-section-facts-description\"><a href=\"https:\/\/de.wikipedia.org\/wiki\/Zollikerberg\">https:\/\/de.wikipedia.org\/wiki\/Zollikerberg<\/a><\/div>\n<div class=\"widget-pane-section-facts-description\"><\/div>\n<div class=\"widget-pane-section-facts-description\">\n<p><b>Zollikerberg <\/b>ist ein Teil von<b> Zollikon &#8211;<\/b>\u00a0<a title=\"Politische Gemeinde\" href=\"https:\/\/de.wikipedia.org\/wiki\/Politische_Gemeinde\">politische Gemeinde<\/a> in der <a title=\"Schweiz\" href=\"https:\/\/de.wikipedia.org\/wiki\/Schweiz\">Schweiz<\/a>. Sie liegt am unteren rechten <a title=\"Z\u00fcrichsee\" href=\"https:\/\/de.wikipedia.org\/wiki\/Z%C3%BCrichsee\">Z\u00fcrichseeufer<\/a> an der sogenannten <a title=\"Goldk\u00fcste (Schweiz)\" href=\"https:\/\/de.wikipedia.org\/wiki\/Goldk%C3%BCste_(Schweiz)\">Goldk\u00fcste<\/a>im <a title=\"Bezirk (Schweiz)\" href=\"https:\/\/de.wikipedia.org\/wiki\/Bezirk_(Schweiz)\">Bezirk<\/a> <a class=\"mw-redirect\" title=\"Meilen (Bezirk)\" href=\"https:\/\/de.wikipedia.org\/wiki\/Meilen_(Bezirk)\">Meilen<\/a> im schweizerischen <a title=\"Kanton Z\u00fcrich\" href=\"https:\/\/de.wikipedia.org\/wiki\/Kanton_Z%C3%BCrich\">Kanton Z\u00fcrich<\/a>. Zur Gemeinde geh\u00f6rt auch der <a title=\"Zollikerberg\" href=\"https:\/\/de.wikipedia.org\/wiki\/Zollikerberg\">Zollikerberg<\/a>. Bis 1986 geh\u00f6rte Zollikon zum<a class=\"mw-redirect\" title=\"Z\u00fcrich (Bezirk)\" href=\"https:\/\/de.wikipedia.org\/wiki\/Z%C3%BCrich_(Bezirk)\">Bezirk Z\u00fcrich<\/a>.<\/p>\n<p>Nachbargemeinden Zollikons sind die Stadt <a title=\"Z\u00fcrich\" href=\"https:\/\/de.wikipedia.org\/wiki\/Z%C3%BCrich\">Z\u00fcrich<\/a> im Norden, <a title=\"Maur\" href=\"https:\/\/de.wikipedia.org\/wiki\/Maur\">Maur<\/a> im Osten, <a title=\"Zumikon\" href=\"https:\/\/de.wikipedia.org\/wiki\/Zumikon\">Zumikon<\/a> im S\u00fcdosten und <a title=\"K\u00fcsnacht\" href=\"https:\/\/de.wikipedia.org\/wiki\/K%C3%BCsnacht\">K\u00fcsnacht<\/a> im S\u00fcden. Die Gemeindefl\u00e4che betr\u00e4gt 785\u00a0ha, davon sind 36\u00a0% Wald, 33\u00a0% Siedlungen und 12\u00a0% Landwirtschaftsgebiet.<\/p>\n<\/div>\n<p>Und hier noch viel Wissens-wertes<\/p>\n<p>&nbsp;<\/p>\n<p><img loading=\"lazy\" decoding=\"async\" class=\"alignnone size-medium wp-image-223\" src=\"http:\/\/quartierverein-zollikerberg.ch.marissa.ch-meta.net\/wp-content\/uploads\/2016\/03\/Adlisberg_-_Zollikerberg_-_Loorenchop_IMG_4228-300x199.jpg\" alt=\"Adlisberg_-_Zollikerberg_-_Loorenchop_IMG_4228\" width=\"300\" height=\"199\" srcset=\"https:\/\/quartierverein-zollikerberg.ch\/wp-content\/uploads\/2016\/03\/Adlisberg_-_Zollikerberg_-_Loorenchop_IMG_4228-300x199.jpg 300w, https:\/\/quartierverein-zollikerberg.ch\/wp-content\/uploads\/2016\/03\/Adlisberg_-_Zollikerberg_-_Loorenchop_IMG_4228.jpg 420w\" sizes=\"auto, (max-width: 300px) 100vw, 300px\" \/><\/p>\n","protected":false},"excerpt":{"rendered":"<div class=\"mh-excerpt\"><p>Der Zollikerberg ist der \u00f6stliche, h\u00f6her gelegene Dorfteil der Gemeinde Zollikon im Kanton Z\u00fcrich in der Schweiz. Er ist vom eigentlichen Dorf durch einen H\u00f6henr\u00fccken und einen breiten Waldg\u00fcrtel getrennt.\u00a0H\u00f6he: \u00a0\u00a0605\u00a0m https:\/\/de.wikipedia.org\/wiki\/Zollikerberg Zollikerberg ist ein <a class=\"mh-excerpt-more\" href=\"https:\/\/quartierverein-zollikerberg.ch\/?page_id=16\" title=\"Unser Quartier\">[&#8230;]<\/a><\/p>\n<\/div>","protected":false},"author":1,"featured_media":0,"parent":0,"menu_order":0,"comment_status":"closed","ping_status":"closed","template":"","meta":{"ngg_post_thumbnail":0,"footnotes":""},"class_list":["post-16","page","type-page","status-publish"],"_links":{"self":[{"href":"https:\/\/quartierverein-zollikerberg.ch\/index.php?rest_route=\/wp\/v2\/pages\/16","targetHints":{"allow":["GET"]}}],"collection":[{"href":"https:\/\/quartierverein-zollikerberg.ch\/index.php?rest_route=\/wp\/v2\/pages"}],"about":[{"href":"https:\/\/quartierverein-zollikerberg.ch\/index.php?rest_route=\/wp\/v2\/types\/page"}],"author":[{"embeddable":true,"href":"https:\/\/quartierverein-zollikerberg.ch\/index.php?rest_route=\/wp\/v2\/users\/1"}],"replies":[{"embeddable":true,"href":"https:\/\/quartierverein-zollikerberg.ch\/index.php?rest_route=%2Fwp%2Fv2%2Fcomments&post=16"}],"version-history":[{"count":6,"href":"https:\/\/quartierverein-zollikerberg.ch\/index.php?rest_route=\/wp\/v2\/pages\/16\/revisions"}],"predecessor-version":[{"id":240,"href":"https:\/\/quartierverein-zollikerberg.ch\/index.php?rest_route=\/wp\/v2\/pages\/16\/revisions\/240"}],"wp:attachment":[{"href":"https:\/\/quartierverein-zollikerberg.ch\/index.php?rest_route=%2Fwp%2Fv2%2Fmedia&parent=16"}],"curies":[{"name":"wp","href":"https:\/\/api.w.org\/{rel}","templated":true}]}}