{"id":227,"date":"2016-04-05T19:35:45","date_gmt":"2016-04-05T17:35:45","guid":{"rendered":"http:\/\/quartierverein-zollikerberg.ch.marissa.ch-meta.net\/?page_id=227"},"modified":"2021-10-20T21:49:21","modified_gmt":"2021-10-20T19:49:21","slug":"karten-neu1","status":"publish","type":"page","link":"https:\/\/quartierverein-zollikerberg.ch\/?page_id=227","title":{"rendered":"Karte vom Zollikerberg mit B\u00e4nkli"},"content":{"rendered":"<p>Hier finden Sie&nbsp;eine Karte mit sch\u00f6nen Pl\u00e4tzchen mit B\u00e4nkli, dortige Aussicht und weitere Informationen wie Ausr\u00fcstung z.B. Feuerstellen.<\/p>\n<p><strong>Kennen Sie sch\u00f6ne Orte<\/strong> &#8211; bitte teilen Sie uns diese mit &#8211; ab besten mit genauer Beschreibung und wenn m\u00f6glich mit Fotos. Wir werden dann solche Beitr\u00e4ge laufend in die Karte aufnehmen.<\/p>\n<p>Somit &#8211; es soll ein &#8222;Gemeinschafts-Werk&#8220; von &nbsp;Einwohnern und dem Quartierverein Zollikerberg sein.<\/p>\n\n\r\n            <style>.wpgmza_table_marker { display: none; }<\/style><style>.wpgmza_table_address { display: none; }<\/style>\r\n            \r\n            \r\n            <a name='map1'><\/a>\r\n            \r\n            \r\n            \r\n            \r\n            <div class=\"wpgmza_map \"  id=\"wpgmza_map_1\" style=\"display:block; overflow:auto; width:100%; height:500px; float:left;\" data-settings='{\"id\":\"1\",\"map_title\":\"Zolllikerberg1\",\"map_width\":\"100\",\"map_height\":\"500\",\"map_start_lat\":\"47.343488\",\"map_start_lng\":\"8.608148\",\"map_start_location\":\"47.3434876656128,8.608148354492169\",\"map_start_zoom\":\"14\",\"default_marker\":\"0\",\"type\":\"2\",\"alignment\":\"1\",\"directions_enabled\":\"0\",\"styling_enabled\":\"0\",\"styling_json\":\"\",\"active\":\"0\",\"kml\":\"\",\"bicycle\":\"0\",\"traffic\":\"0\",\"dbox\":\"1\",\"dbox_width\":\"250\",\"listmarkers\":\"0\",\"listmarkers_advanced\":\"0\",\"filterbycat\":\"0\",\"ugm_enabled\":\"0\",\"ugm_category_enabled\":\"0\",\"fusion\":\"\",\"map_width_type\":\"\\\\%\",\"map_height_type\":\"px\",\"mass_marker_support\":\"1\",\"ugm_access\":\"0\",\"order_markers_by\":\"2\",\"order_markers_choice\":\"2\",\"show_user_location\":\"2\",\"default_to\":\"\",\"other_settings\":{\"wpgmza_store_locator_restrict\":\"\",\"store_locator_bounce\":1,\"store_locator_query_string\":\"ZIP \\\/ Address:\",\"store_locator_name_string\":\"Bezeichnung \\\/ Beschreibung:\",\"wpgmza_dbox_width_type\":\"px\",\"map_max_zoom\":\"3\",\"map_min_zoom\":\"21\",\"sl_stroke_color\":\"FF0000\",\"sl_stroke_opacity\":\"0.25\",\"sl_fill_color\":\"FF0000\",\"sl_fill_opacity\":\"0.15\",\"click_open_link\":2,\"transport_layer\":0,\"iw_primary_color\":\"2A3744\",\"iw_accent_color\":\"252F3A\",\"iw_text_color\":\"FFFFFF\",\"wpgmza_iw_type\":\"0\",\"list_markers_by\":\"2\",\"push_in_map\":\"\",\"push_in_map_placement\":\"9\",\"wpgmza_push_in_map_width\":\"\",\"wpgmza_push_in_map_height\":\"\",\"wpgmza_theme_data\":\"\",\"upload_default_ul_marker\":\"\",\"upload_default_sl_marker\":\"\",\"shortcodeAttributes\":{\"id\":\"1\"}}}' data-map-id='1' data-shortcode-attributes='{\"id\":\"1\"}'> <\/div>\r\n            \r\n            <div data-wpgmza-table data-wpgmza-php-class=\"WPGMZA\\MarkerListing\\AdvancedTable\" data-wpgmza-rest-api-route=\"\/datatables\/\" data-wpgmza-datatable=\"true\" data-wpgmza-pro-datatable=\"true\" data-wpgmza-feature-type=\"marker\" data-order-json='[[0,\"desc\"]]' id=\"wpgmza_marker_holder_1\" class=\"wpgmza_marker_holder\" style=\"width:100%;\" data-wpgmza-ajax-parameters='{\"map_id\":\"1\"}'>\r\n\t\t\t<table class=\"responsive wpgmza_table\" id=\"wpgmza_table_1\" cellspacing=\"0\" cellpadding=\"0\" style=\"width:100%;\">\r\n\t\t\t\t<thead>\r\n\t\t\t\t<th data-wpgmza-column-name=\"title\" id=\"wpgmza_map_list_title\" class=\"all wpgmza_table_title\">Bezeichnung<\/th><th data-wpgmza-column-name=\"category\" id=\"wpgmza_map_list_category\" class=\"wpgmza_table_category\">Kategorie<\/th><th data-wpgmza-column-name=\"description\" id=\"wpgmza_map_list_description\" class=\"wpgmza_table_description\">Beschreibung<\/th><th data-wpgmza-column-name=\"link\" id=\"wpgmza_map_list_link\" class=\"wpgmza_table_link\">Link<\/th><\/thead>\r\n\t\t\t\t\r\n\t\t\t<\/table>\r\n\t\t<\/div>   \r\n        ","protected":false},"excerpt":{"rendered":"<div class=\"mh-excerpt\"><p>Hier finden Sie&nbsp;eine Karte mit sch\u00f6nen Pl\u00e4tzchen mit B\u00e4nkli, dortige Aussicht und weitere Informationen wie Ausr\u00fcstung z.B. Feuerstellen. Kennen Sie sch\u00f6ne Orte &#8211; bitte teilen Sie uns diese mit &#8211; ab besten mit genauer Beschreibung <a class=\"mh-excerpt-more\" href=\"https:\/\/quartierverein-zollikerberg.ch\/?page_id=227\" title=\"Karte vom Zollikerberg mit B\u00e4nkli\">[&#8230;]<\/a><\/p>\n<\/div>","protected":false},"author":1,"featured_media":0,"parent":16,"menu_order":0,"comment_status":"closed","ping_status":"closed","template":"template-full.php","meta":{"ngg_post_thumbnail":0,"footnotes":""},"class_list":["post-227","page","type-page","status-publish"],"_links":{"self":[{"href":"https:\/\/quartierverein-zollikerberg.ch\/index.php?rest_route=\/wp\/v2\/pages\/227","targetHints":{"allow":["GET"]}}],"collection":[{"href":"https:\/\/quartierverein-zollikerberg.ch\/index.php?rest_route=\/wp\/v2\/pages"}],"about":[{"href":"https:\/\/quartierverein-zollikerberg.ch\/index.php?rest_route=\/wp\/v2\/types\/page"}],"author":[{"embeddable":true,"href":"https:\/\/quartierverein-zollikerberg.ch\/index.php?rest_route=\/wp\/v2\/users\/1"}],"replies":[{"embeddable":true,"href":"https:\/\/quartierverein-zollikerberg.ch\/index.php?rest_route=%2Fwp%2Fv2%2Fcomments&post=227"}],"version-history":[{"count":29,"href":"https:\/\/quartierverein-zollikerberg.ch\/index.php?rest_route=\/wp\/v2\/pages\/227\/revisions"}],"predecessor-version":[{"id":2716,"href":"https:\/\/quartierverein-zollikerberg.ch\/index.php?rest_route=\/wp\/v2\/pages\/227\/revisions\/2716"}],"up":[{"embeddable":true,"href":"https:\/\/quartierverein-zollikerberg.ch\/index.php?rest_route=\/wp\/v2\/pages\/16"}],"wp:attachment":[{"href":"https:\/\/quartierverein-zollikerberg.ch\/index.php?rest_route=%2Fwp%2Fv2%2Fmedia&parent=227"}],"curies":[{"name":"wp","href":"https:\/\/api.w.org\/{rel}","templated":true}]}}