{"id":26,"date":"2016-03-05T16:18:29","date_gmt":"2016-03-05T16:18:29","guid":{"rendered":"http:\/\/quartierverein-zollikerberg.ch.marissa.ch-meta.net\/?page_id=26"},"modified":"2024-05-26T16:09:46","modified_gmt":"2024-05-26T14:09:46","slug":"ueber-mich-seite-wo-bist-du","status":"publish","type":"page","link":"https:\/\/quartierverein-zollikerberg.ch\/?page_id=26","title":{"rendered":"Ueber uns"},"content":{"rendered":"\n<p>Der Quartierverein setzt sich f\u00fcr ein attraktives Quartier Zollikerberg ein. Er vertritt die Interessen seiner Mitglieder und grosser Bev\u00f6lkerungsteile gegen\u00fcber der Politik und anderen Institutionen. Mit Veranstaltungen zu Themen rund um den Zollikerberg oder auch zur Natur werden die Bewohner angesprochen. Die F\u00f6rderung der Begegnung ist ein wichtiges Anliegen. Unsere Statuten finden Sie hier.<\/p>\n\n\n\n\t\t<div class=\"wppdfemb-frame-container-1\" style=\"-webkit-overflow-scrolling:auto;\">\n\t\t\t<iframe class=\"pdfembed-iframe nonfullscreen wppdf-emb-iframe-1\"\n\t\t\t\tsrc=\"https:\/\/quartierverein-zollikerberg.ch\/?pdfemb-data=eyJwZGZJRCI6NDQ5NCwidXJsIjoiaHR0cHM6XC9cL3F1YXJ0aWVydmVyZWluLXpvbGxpa2VyYmVyZy5jaFwvd3AtY29udGVudFwvdXBsb2Fkc1wvMjAyNFwvMDVcL1F1YXJ0aWVydmVyZWluLVN0YXR1dGVuLnBkZiIsImluZGV4IjoxfQ\"\n\t\t\t\tdata-pdf-id=\"4494\"\n\t\t\t\tdata-pdf-index=\"1\"\n\t\t\t\tstyle=\"border:none;width:100%;max-width:100%;height:100vh;\"\n\t\t\t\tscrolling=\"yes\">\n\t\t\t<\/iframe>\n\t\t<\/div>\n\n\t\t\n<p class=\"wp-block-pdfemb-pdf-embedder-viewer\"><\/p>\n\n\n\n<p>Der Vorstand leitet den Verein und ist stets offen f\u00fcr die Meinung der Bev\u00f6lkerung.<\/p>\n\n\n\n<p>Was wollen Sie dem Vorstand etwas mitteilen? Danke f\u00fcr ihren Kommentar.<\/p>\n\n\n\n<p>Sie k\u00f6nnen uns auch direkt ein Mail senden: <a href=\"mailto:info@quartierverein-zollikerberg.ch\" target=\"_blank\" rel=\"noopener\">Info at Quartierverein-Zollikerberg.ch<\/a><\/p>\n\n\n\n\t\t<div class=\"wppdfemb-frame-container-2\" style=\"-webkit-overflow-scrolling:auto;\">\n\t\t\t<iframe class=\"pdfembed-iframe nonfullscreen wppdf-emb-iframe-2\"\n\t\t\t\tsrc=\"https:\/\/quartierverein-zollikerberg.ch\/?pdfemb-data=eyJwZGZJRCI6NDQ5NSwidXJsIjoiaHR0cHM6XC9cL3F1YXJ0aWVydmVyZWluLXpvbGxpa2VyYmVyZy5jaFwvd3AtY29udGVudFwvdXBsb2Fkc1wvMjAyNFwvMDVcL0RhdGVuc2NodXR6ZXJrbGFlcnVuZ18yMDI0LnBkZiIsImluZGV4IjoyfQ\"\n\t\t\t\tdata-pdf-id=\"4495\"\n\t\t\t\tdata-pdf-index=\"2\"\n\t\t\t\tstyle=\"border:none;width:100%;max-width:100%;height:100vh;\"\n\t\t\t\tscrolling=\"yes\">\n\t\t\t<\/iframe>\n\t\t<\/div>\n\n\t\t\n<p class=\"wp-block-pdfemb-pdf-embedder-viewer\"><\/p>\n","protected":false},"excerpt":{"rendered":"<div class=\"mh-excerpt\"><p>Der Quartierverein setzt sich f\u00fcr ein attraktives Quartier Zollikerberg ein. Er vertritt die Interessen seiner Mitglieder und grosser Bev\u00f6lkerungsteile gegen\u00fcber der Politik und anderen Institutionen. Mit Veranstaltungen zu Themen rund um den Zollikerberg oder auch <a class=\"mh-excerpt-more\" href=\"https:\/\/quartierverein-zollikerberg.ch\/?page_id=26\" title=\"Ueber uns\">[&#8230;]<\/a><\/p>\n<\/div>","protected":false},"author":1,"featured_media":0,"parent":0,"menu_order":0,"comment_status":"open","ping_status":"closed","template":"","meta":{"ngg_post_thumbnail":0,"footnotes":""},"class_list":["post-26","page","type-page","status-publish"],"_links":{"self":[{"href":"https:\/\/quartierverein-zollikerberg.ch\/index.php?rest_route=\/wp\/v2\/pages\/26","targetHints":{"allow":["GET"]}}],"collection":[{"href":"https:\/\/quartierverein-zollikerberg.ch\/index.php?rest_route=\/wp\/v2\/pages"}],"about":[{"href":"https:\/\/quartierverein-zollikerberg.ch\/index.php?rest_route=\/wp\/v2\/types\/page"}],"author":[{"embeddable":true,"href":"https:\/\/quartierverein-zollikerberg.ch\/index.php?rest_route=\/wp\/v2\/users\/1"}],"replies":[{"embeddable":true,"href":"https:\/\/quartierverein-zollikerberg.ch\/index.php?rest_route=%2Fwp%2Fv2%2Fcomments&post=26"}],"version-history":[{"count":39,"href":"https:\/\/quartierverein-zollikerberg.ch\/index.php?rest_route=\/wp\/v2\/pages\/26\/revisions"}],"predecessor-version":[{"id":4503,"href":"https:\/\/quartierverein-zollikerberg.ch\/index.php?rest_route=\/wp\/v2\/pages\/26\/revisions\/4503"}],"wp:attachment":[{"href":"https:\/\/quartierverein-zollikerberg.ch\/index.php?rest_route=%2Fwp%2Fv2%2Fmedia&parent=26"}],"curies":[{"name":"wp","href":"https:\/\/api.w.org\/{rel}","templated":true}]}}