{"id":373,"date":"2016-04-14T20:50:03","date_gmt":"2016-04-14T18:50:03","guid":{"rendered":"http:\/\/quartierverein-zollikerberg.ch.marissa.ch-meta.net\/?page_id=373"},"modified":"2023-02-14T18:07:57","modified_gmt":"2023-02-14T17:07:57","slug":"veranstaltungen-archiv","status":"publish","type":"page","link":"https:\/\/quartierverein-zollikerberg.ch\/?page_id=373","title":{"rendered":"Veranstaltungen Archiv"},"content":{"rendered":"<p>Eine Aufstellung der Veranstaltungen der letzten Jahre.<\/p>\n<table width=\"557\">\n<tbody>\n<tr>\n<td width=\"80\">2023<\/td>\n<td width=\"477\">&nbsp;<\/td>\n<\/tr>\n<tr>\n<td>&nbsp;<\/td>\n<td>D.Selz Herausforderungen als Bauvorstand im Gemeinderat<\/td>\n<\/tr>\n<tr>\n<td>&nbsp;<\/td>\n<td>Hospital-at-home W. Widmer, Diakoniewerk Zollikerberg<\/td>\n<\/tr>\n<tr>\n<td>&nbsp;<\/td>\n<td>Umbau Station Waldburg, Projektleitung Forchbahn<\/td>\n<\/tr>\n<\/tbody>\n<\/table>\n<table width=\"557\">\n<tbody>\n<tr>\n<td width=\"80\">2022<\/td>\n<td width=\"477\">&nbsp;<\/td>\n<\/tr>\n<tr>\n<td>&nbsp;<\/td>\n<td>Gemeinderat in Zollikon- eine Herausforderung mit den neuen Kandidaten P. D\u00fcmmler, S. Fischer, Th. Gugler, C. Irniger, D. Selz<\/td>\n<\/tr>\n<tr>\n<td>&nbsp;<\/td>\n<td>Neue Organisation des Zivilschutzes in Zollikon und \u00f6ffentliche Schutzr\u00e4ume, im Schutzraum Rebwies. GR A. M\u00fcller, Th. Stettler Kdt Zivilschutzorganisation<\/td>\n<\/tr>\n<tr>\n<td>&nbsp;<\/td>\n<td>Platzkonzert der Harmonie Zollikon beim Quartiertreff<\/td>\n<\/tr>\n<\/tbody>\n<\/table>\n<table width=\"557\">\n<tbody>\n<tr>\n<td width=\"80\">2021<\/td>\n<td width=\"477\">&nbsp;<\/td>\n<\/tr>\n<tr>\n<td>&nbsp;<\/td>\n<td>Bis im Herbst keine Veranstaltungen wegen Covid Restriktionen<\/td>\n<\/tr>\n<tr>\n<td>&nbsp;<\/td>\n<td>F\u00fcnf Generationen Schwarzenbach Kolonialwaren in Z\u00fcrich. Heini Schwarzenbach<\/td>\n<\/tr>\n<\/tbody>\n<\/table>\n<table width=\"557\">\n<tbody>\n<tr>\n<td width=\"80\">2020<\/td>\n<td width=\"477\">&nbsp;<\/td>\n<\/tr>\n<tr>\n<td>&nbsp;<\/td>\n<td>Keine Veranstaltungen wegen Covid Restriktionen<\/td>\n<\/tr>\n<\/tbody>\n<\/table>\n<table width=\"557\">\n<tbody>\n<tr>\n<td width=\"80\">2019<\/td>\n<td width=\"477\">&nbsp;<\/td>\n<\/tr>\n<tr>\n<td>&nbsp;<\/td>\n<td>J. Donatz mit Degustationen<\/td>\n<\/tr>\n<tr>\n<td>&nbsp;<\/td>\n<td>5G-Netz in Zollikon. Chancen und Risiken. J.Studerus und P.Schlegel<\/td>\n<\/tr>\n<tr>\n<td>&nbsp;<\/td>\n<td>Z\u00fcrich 2040 \u2013 wird morgen alles besser? K. G\u00fcgler<\/td>\n<\/tr>\n<tr>\n<td>&nbsp;<\/td>\n<td>Klavierrezital Die drei Pianisten mit F. Wettstein<\/td>\n<\/tr>\n<tr>\n<td>&nbsp;<\/td>\n<td>Legislaturziele des Gemeinderates. S. Ullmann<\/td>\n<\/tr>\n<\/tbody>\n<\/table>\n<table width=\"590\">\n<tbody>\n<tr>\n<td width=\"80\">2018<\/td>\n<td width=\"510\">&nbsp;<\/td>\n<\/tr>\n<tr>\n<td>&nbsp;<\/td>\n<td>Forchstrasse \u2013 am Ende mit der Kapazit\u00e4t. GR M. Hirs<\/td>\n<\/tr>\n<tr>\n<td>&nbsp;<\/td>\n<td>Wer entscheidet f\u00fcr mich. wenn ich es nicht mehr selber kann? P. Kropf<\/td>\n<\/tr>\n<tr>\n<td>&nbsp;<\/td>\n<td>Neuer Gemeindepr\u00e4sident in Zollikon \u2013 Stillstand oder Aufbruch? S. Ullmann und&nbsp;&nbsp;&nbsp; U. Fellmann.<\/td>\n<\/tr>\n<tr>\n<td>&nbsp;<\/td>\n<td>Besuch Feuerwehrmuseum Zollikerberg mit Platzkonzert<\/td>\n<\/tr>\n<tr>\n<td>&nbsp;<\/td>\n<td>Instruktion Kauf von Fahrausweisen am Automat<\/td>\n<\/tr>\n<\/tbody>\n<\/table>\n<table width=\"627\">\n<tbody>\n<tr>\n<td width=\"80\">2017<\/td>\n<td width=\"547\">&nbsp;<\/td>\n<\/tr>\n<tr>\n<td>&nbsp;<\/td>\n<td>Jassturnier, Alterssiedlung Sonnengarten, 15.11.2017<\/td>\n<\/tr>\n<tr>\n<td>&nbsp;<\/td>\n<td>Besuch Museum Diakoniewerk 2.11.2017<\/td>\n<\/tr>\n<tr>\n<td>&nbsp;<\/td>\n<td>Info-Abend \u00fcber neue Postagentur im Kiosk Rosengarten, 22.6.2017<\/td>\n<\/tr>\n<tr>\n<td>&nbsp;<\/td>\n<td>Vortrag Badevergn\u00fcgen und Meerverschmutzung, 1.6.2017<\/td>\n<\/tr>\n<tr>\n<td>&nbsp;<\/td>\n<td>Info-Abend \u00fcber Kunststoff-Kreislauf, 16.3.2017<\/td>\n<\/tr>\n<tr>\n<td>&nbsp;<\/td>\n<td>Jassturnier, 29.1.2017<\/td>\n<\/tr>\n<tr>\n<td>&nbsp;<\/td>\n<td>Drei Pianisten auf fr\u00f6hlicher Schlittenfahrt<br \/>\nZollikerberg: Unterhaltsame Klassik in der Residenz Neum\u00fcnster Park, 22. 1.2017<\/td>\n<\/tr>\n<\/tbody>\n<\/table>\n<table width=\"627\">\n<tbody>\n<tr>\n<td width=\"80\">2016<\/td>\n<td width=\"547\">&nbsp;<\/td>\n<\/tr>\n<tr>\n<td>&nbsp;<\/td>\n<td>Jassturnier<\/td>\n<\/tr>\n<tr>\n<td>&nbsp;<\/td>\n<td>Ortskernplanung in Zolliken Dorf und Visionen im Zollikerberg<\/td>\n<\/tr>\n<tr>\n<td>&nbsp;<\/td>\n<td>Vielfalt der Natur sch\u00e4tzen und erhalten. M. Langegger ProSpecieRara<\/td>\n<\/tr>\n<tr>\n<td>&nbsp;<\/td>\n<td>Openair mit Schyzer\u00f6rgel<\/td>\n<\/tr>\n<tr>\n<td>&nbsp;<\/td>\n<td>Info Abend zur Abstimmungsvorlage betreffend Einf\u00fchrung einer Wald- und Landschaftskommission (WaLaKo)<\/td>\n<\/tr>\n<tr>\n<td>&nbsp;<\/td>\n<td>Info Abend mit Frau Jeannine Pilloud, Leiterin Personenverkehr SBB, &nbsp;zum Thema &#8222;Aktuelle Entwicklungen im Personenverkehr&#8220;<\/td>\n<\/tr>\n<tr>\n<td>2015<\/td>\n<td>&nbsp;<\/td>\n<\/tr>\n<tr>\n<td>&nbsp;<\/td>\n<td>Jassturnier<\/td>\n<\/tr>\n<tr>\n<td>&nbsp;<\/td>\n<td>Sicherheitsaspekte im Quartier. Gemeinderat S. Ullmann<\/td>\n<\/tr>\n<tr>\n<td>&nbsp;<\/td>\n<td>Gartenv\u00f6gel in unserer Umgebung in Zusammenarbeit mit dem Ornitologischen Verein Zollikon. Elisabeth Laine<\/td>\n<\/tr>\n<tr>\n<td>&nbsp;<\/td>\n<td>Platzkonzert mit Akkordeonorchester Zollikon<\/td>\n<\/tr>\n<tr>\n<td>&nbsp;<\/td>\n<td>Information \u00fcber neue Bahnschranken im Zollikerberg und ihre Auswirkungen auf den Strassenverkehr im Quartier. M. Amrein Bereichsleiter Infrastruktur der Forchbahn<\/td>\n<\/tr>\n<tr>\n<td>2014<\/td>\n<td>&nbsp;<\/td>\n<\/tr>\n<tr>\n<td>&nbsp;<\/td>\n<td>Jassturnier<\/td>\n<\/tr>\n<tr>\n<td>&nbsp;<\/td>\n<td>Podium mit den neuen Kandidaten f\u00fcr den Gemeinderat<\/td>\n<\/tr>\n<tr>\n<td>&nbsp;<\/td>\n<td>Erfahrungen mit der neuen Parkierungsverordnung. Gemeinderat M. Hirs<\/td>\n<\/tr>\n<tr>\n<td>&nbsp;<\/td>\n<td>Openair mit der Musikschule Zollikon<\/td>\n<\/tr>\n<tr>\n<td>&nbsp;<\/td>\n<td>Waldrundgang in Zusammenarbeit mit Verein Zollikerwald<\/td>\n<\/tr>\n<tr>\n<td>&nbsp;<\/td>\n<td>Wie entsteht eine Wetterprognose und wie zuverl\u00e4ssig ist sie? A. Asch, Prognostiker beim Bundesamt f\u00fcr Meteorologie.<\/td>\n<\/tr>\n<tr>\n<td>2013<\/td>\n<td>&nbsp;<\/td>\n<\/tr>\n<tr>\n<td>&nbsp;<\/td>\n<td>Projekt Wohn- und Pflegezentrum Blumenrain. Gemeinderat U. Fellmann<\/td>\n<\/tr>\n<tr>\n<td>&nbsp;<\/td>\n<td>Bilder der Geschichte von Zollikerberg und Zollikon. M. H\u00fcbner<\/td>\n<\/tr>\n<tr>\n<td>&nbsp;<\/td>\n<td>Quartiertreff Zollikerberg \u2013 wie weiter? Gemeinderat M. Raggenbass<\/td>\n<\/tr>\n<tr>\n<td>&nbsp;<\/td>\n<td>Sanierung und Ausbau Schulanlage R\u00fcterwies. R. Nimmrichter<\/td>\n<\/tr>\n<tr>\n<td>&nbsp;<\/td>\n<td>Platzkonzert<\/td>\n<\/tr>\n<tr>\n<td>&nbsp;<\/td>\n<td>Plauderstunde mit Reisepionier Hans Imholz.<\/td>\n<\/tr>\n<tr>\n<td>&nbsp;<\/td>\n<td>Zuk\u00fcnftige Betriebskonzepte und S\u00fcdstarts geradeaus. Bed\u00fcrfnisse und m\u00f6gliche Realisierung aus der Sicht des Flughafens. St. Conrad, Leiter Operationen am Flughafen. Stellungsnahme der Gemeinde. Gemeinderat J. Sch\u00fctt<\/td>\n<\/tr>\n<tr>\n<td>2012<\/td>\n<td>&nbsp;<\/td>\n<\/tr>\n<tr>\n<td>&nbsp;<\/td>\n<td>Energiewende: Fluch oder Segen. U. Rengel, Direktor EWZ<\/td>\n<\/tr>\n<tr>\n<td>&nbsp;<\/td>\n<td>Entstehung, Geschichte und Zielsetzungen des Chramschopf. R. Zambelli<\/td>\n<\/tr>\n<tr>\n<td>&nbsp;<\/td>\n<td>Grosse Fische im Gartenteich. Besuch in privatem Garten in Zollikerberg<\/td>\n<\/tr>\n<tr>\n<td>&nbsp;<\/td>\n<td>\u00c4nderung der Busroute 910. Parkplatzregime mit Anwohnerprivilegierung. Initiant F. Wirz, Gemeinder\u00e4te D. Weber, J. Sch\u00fctt.<\/td>\n<\/tr>\n<tr>\n<td>&nbsp;<\/td>\n<td>Podium mit neuen Gemeinderatskandidaten. Moderation C. Eberele-Fr\u00f6hlich<\/td>\n<\/tr>\n<tr>\n<td>&nbsp;<\/td>\n<td>Erfahrungsberichte aus Projekten der Entwicklungshilfe der Gemeinde Zollikon. Ch. Gemperle, M. H\u00fcbner, A. Hofmann, F. Wolf<\/td>\n<\/tr>\n<tr>\n<td>2011<\/td>\n<td>&nbsp;<\/td>\n<\/tr>\n<tr>\n<td>&nbsp;<\/td>\n<td>F\u00fcchse im Siedlungsgebiet. Dr.med.vet. M. Brunner<\/td>\n<\/tr>\n<tr>\n<td>&nbsp;<\/td>\n<td>Parkplatzkonzept der Gemeinde Zollikon mit Parkzeitbeschr\u00e4nkungen und Geb\u00fchrenpflicht. Gemeinderat D. Weber<\/td>\n<\/tr>\n<tr>\n<td>&nbsp;<\/td>\n<td>Platzkonzert<\/td>\n<\/tr>\n<tr>\n<td>&nbsp;<\/td>\n<td>S\u00fcdstarts geradeaus: Auswirkungen f\u00fcr Zollikerberg. Th. Morf, Pr\u00e4sident VFSN<\/td>\n<\/tr>\n<tr>\n<td>2010<\/td>\n<td>&nbsp;<\/td>\n<\/tr>\n<tr>\n<td>&nbsp;<\/td>\n<td>Gemeinderat in Zollikon \u2013 eine Herausforderung. Podium mit den Kandidaten R.Lang, D.Weber<\/td>\n<\/tr>\n<tr>\n<td>&nbsp;<\/td>\n<td>Platzkonzert<\/td>\n<\/tr>\n<tr>\n<td>&nbsp;<\/td>\n<td>Die Gemeindeverwaltung als modernes Unternehmen. Gemeindeschreiberin Regula Bach<\/td>\n<\/tr>\n<tr>\n<td>&nbsp;<\/td>\n<td>Architekturwettbewerb Schulzentrum R\u00fcterwies. Pr\u00e4sentation der Wettbewerbsprojekte. R.Nimmrichter, Ch.Gschwind, J.Spreyermann<\/td>\n<\/tr>\n<tr>\n<td>&nbsp;<\/td>\n<td>Quartieratmosph\u00e4re \u2013 Erhalt und Wandel. Rundgang mit G.Kueng<\/td>\n<\/tr>\n<tr>\n<td>&nbsp;<\/td>\n<td>Die Sonne und unser Klima. Prof. Sami Khan Solanki, Honorarprofessor am Institut f\u00fcr Astronomie der ETH<\/td>\n<\/tr>\n<tr>\n<td>2009<\/td>\n<td>&nbsp;<\/td>\n<\/tr>\n<tr>\n<td>&nbsp;<\/td>\n<td>Zolliker Bote \u2013 stolzer Platzhirsch auf einer kleinen Lichtung. Ch.Dietz, S.Linder<\/td>\n<\/tr>\n<tr>\n<td>&nbsp;<\/td>\n<td>Zentraler Kindergarten im Schulhaus R\u00fcterwies anstelle von Quartierkinderg\u00e4rten. (zusammen mit Schulpflege)<\/td>\n<\/tr>\n<tr>\n<td>&nbsp;<\/td>\n<td>Platzkonzert<\/td>\n<\/tr>\n<tr>\n<td>&nbsp;<\/td>\n<td>Verbesserte Sicherheit im Quartier. Pro und Kontra Video\u00fcberwachung von Unterf\u00fchrungen und Pl\u00e4tzen. Gemeinderat J.Sch\u00fctt, Th.Weber, R.Weilenmann, L.Janssen, C.Zanetti<\/td>\n<\/tr>\n<tr>\n<td>2008<\/td>\n<td>&nbsp;<\/td>\n<\/tr>\n<tr>\n<td>&nbsp;<\/td>\n<td>Grundsteinlegung Quartiertreff<\/td>\n<\/tr>\n<tr>\n<td>&nbsp;<\/td>\n<td>Parklandschaft entlang Bergstrasse, ein Projekt der Zukunftskonferenz Zollikon. U.Schneider<\/td>\n<\/tr>\n<tr>\n<td>&nbsp;<\/td>\n<td>Platzkonzert bei der katholischen Kirche<\/td>\n<\/tr>\n<tr>\n<td>&nbsp;<\/td>\n<td>Fernsehen, Radio, Telefon \u2013 neue Wege, neue M\u00f6glichkeiten im Zollikerberg. G.Buchmann.<\/td>\n<\/tr>\n<tr>\n<td>&nbsp;<\/td>\n<td>Er\u00f6ffnung Quartiertreff Zollikerberg<\/td>\n<\/tr>\n<tr>\n<td>2007<\/td>\n<td>&nbsp;<\/td>\n<\/tr>\n<tr>\n<td>&nbsp;<\/td>\n<td>Wasserversorgung eines Dorfes in Rum\u00e4nien &#8211; ein Projekt zweier initiativer Zolliker Frauen. Ursula Schneider, R.Kl\u00f6ti.<\/td>\n<\/tr>\n<tr>\n<td>&nbsp;<\/td>\n<td>Film \u00fcber die Entwicklung des Zollikerberges. G.Brunner<\/td>\n<\/tr>\n<tr>\n<td>&nbsp;<\/td>\n<td>Der Honjg ist nicht weit vom Stachel &#8211; Bienen und Imkerei im Jahresverlauf. HU.Thomas<\/td>\n<\/tr>\n<tr>\n<td>&nbsp;<\/td>\n<td>Einsatzkonzept der Feuerwehr Zollikon. S.Ullmann<\/td>\n<\/tr>\n<tr>\n<td>2006<\/td>\n<td>&nbsp;<\/td>\n<\/tr>\n<tr>\n<td>&nbsp;<\/td>\n<td>Gemeinderat in Zollikon- eine Herausforderung. Podium mit Gemeinderatskandidaten D.B\u00fchler, K.Kull, D.Weber<\/td>\n<\/tr>\n<tr>\n<td>&nbsp;<\/td>\n<td>Fahrpl\u00e4ne der Buslinien und Forchbahn im Zollikerberg. Erfahrungen und geplante \u00c4nderungen. A.Seerainer, VBZ<\/td>\n<\/tr>\n<tr>\n<td>&nbsp;<\/td>\n<td>Quartiertreff im Zollikerberg- eine Chance f\u00fcr das Quartier. R.Diener, M.Schlegel, U.Schneider, F.Wolf<\/td>\n<\/tr>\n<tr>\n<td>&nbsp;<\/td>\n<td>Platzkonzert<\/td>\n<\/tr>\n<tr>\n<td>&nbsp;<\/td>\n<td>Zielsetzungen des neuen Gemeinderates. Gemeindepr\u00e4sidentin K.Kull<\/td>\n<\/tr>\n<tr>\n<td>2005<\/td>\n<td>&nbsp;<\/td>\n<\/tr>\n<tr>\n<td>&nbsp;<\/td>\n<td>Anderswo ist es immer sch\u00f6ner. Von turbulenten und herrlichen Reisen. G.Treichler<\/td>\n<\/tr>\n<tr>\n<td>&nbsp;<\/td>\n<td>Kunstwerke und gestaltete Natur im Aussenbereich des Spitals Zollikerberg.<\/td>\n<\/tr>\n<tr>\n<td>&nbsp;<\/td>\n<td>W.Widmer<\/td>\n<\/tr>\n<tr>\n<td>&nbsp;<\/td>\n<td>Die Gemeindeverwaltung als modernes Unternehmen. Gemeindeschreiber J.Sch\u00e4dler<\/td>\n<\/tr>\n<tr>\n<td>&nbsp;<\/td>\n<td>Platzkonzert<\/td>\n<\/tr>\n<tr>\n<td>&nbsp;<\/td>\n<td>Konzert von talentierten jugendlichen Bulgaren. B.Sigrist<\/td>\n<\/tr>\n<tr>\n<td>2004<\/td>\n<td>&nbsp;<\/td>\n<\/tr>\n<tr>\n<td>&nbsp;<\/td>\n<td>M\u00e4use im Garten oder Haus-was tun? J.Malevez<\/td>\n<\/tr>\n<tr>\n<td>&nbsp;<\/td>\n<td>Fr\u00fchst\u00fcck unter S\u00fcdanfl\u00fcgen, mit Beh\u00f6rdenvertretern im Sennhof<\/td>\n<\/tr>\n<tr>\n<td>&nbsp;<\/td>\n<td>Liegenschaftenpolitik im Dienste der Gemeindeentwicklung. Gemeinderat J.Sch\u00fctt.<\/td>\n<\/tr>\n<tr>\n<td>&nbsp;<\/td>\n<td>Platzkonzert<\/td>\n<\/tr>\n<tr>\n<td>&nbsp;<\/td>\n<td>Planungfragen im Quartier Zollikerberg (Quartiertreff) auf der langen Bank. G.Kueng,<\/td>\n<\/tr>\n<tr>\n<td>&nbsp;<\/td>\n<td>J.Spreyermann, F.Wolf<\/td>\n<\/tr>\n<tr>\n<td>2003<\/td>\n<td>&nbsp;<\/td>\n<\/tr>\n<tr>\n<td>&nbsp;<\/td>\n<td>Sauberes Wasser-Strom ohne Unterbr\u00fcche. Was leisten unsere Gemeindewerke.<\/td>\n<\/tr>\n<tr>\n<td>&nbsp;<\/td>\n<td>Gemeinderat M.Byland, A.Mass\u00fcger, R.Germann<\/td>\n<\/tr>\n<tr>\n<td>&nbsp;<\/td>\n<td>Zollikon als lebendige Gemeinde, neuer Tonfilm. Gemeindepr\u00e4sident H.Glarner<\/td>\n<\/tr>\n<tr>\n<td>&nbsp;<\/td>\n<td>Wie Klaviere aus der Schweiz den Weg nach Bulgarien finden. B.Sigrist,<\/td>\n<\/tr>\n<tr>\n<td>&nbsp;<\/td>\n<td>B.Kostadinova<\/td>\n<\/tr>\n<tr>\n<td>&nbsp;<\/td>\n<td>Platzkonzert<\/td>\n<\/tr>\n<tr>\n<td>&nbsp;<\/td>\n<td>Angebote f\u00fcr Jugendliche im Zollikerberg. G.Buchnann<\/td>\n<\/tr>\n<tr>\n<td>&nbsp;<\/td>\n<td>Problematische S\u00fcdanfl\u00fcge. Gemeinder\u00e4tin C.Bodmer, Th.Morf, Ch.Weiss<\/td>\n<\/tr>\n<tr>\n<td>2002<\/td>\n<td>&nbsp;<\/td>\n<\/tr>\n<tr>\n<td>&nbsp;<\/td>\n<td>Entwicklungshilfe in Madagaskar. A.Borsari<\/td>\n<\/tr>\n<tr>\n<td>&nbsp;<\/td>\n<td>Tempo 30 Zonen im Quartier. J.Camichel<\/td>\n<\/tr>\n<tr>\n<td>&nbsp;<\/td>\n<td>Kandidaten im Kreuzfeuer, die neuen Kandidaten f\u00fcr den Gemeinderat stellen sich vor.<\/td>\n<\/tr>\n<tr>\n<td>&nbsp;<\/td>\n<td>Platzkonzert<\/td>\n<\/tr>\n<tr>\n<td>&nbsp;<\/td>\n<td>Wildtiere im Zollikerberg. Jagdaufseher J.K\u00fcng<\/td>\n<\/tr>\n<tr>\n<td>2001<\/td>\n<td>&nbsp;<\/td>\n<\/tr>\n<tr>\n<td>&nbsp;<\/td>\n<td>Neue Konzepte der Altersbetreuung. Gemeinder\u00e4tin G.Neukomm.<\/td>\n<\/tr>\n<tr>\n<td>&nbsp;<\/td>\n<td>Pro und Kontra Hundehaltung. H.Schlegel<\/td>\n<\/tr>\n<tr>\n<td>&nbsp;<\/td>\n<td>Platzkonzert<\/td>\n<\/tr>\n<tr>\n<td>&nbsp;<\/td>\n<td>Mitorganisation Zollikerberglauf<\/td>\n<\/tr>\n<tr>\n<td>&nbsp;<\/td>\n<td>Spital Zollikerberg- ein Schwerpunkt in unserem Quartier<\/td>\n<\/tr>\n<tr>\n<td>2000<\/td>\n<td>&nbsp;<\/td>\n<\/tr>\n<tr>\n<td>&nbsp;<\/td>\n<td>Neue Abflugrouten ab Z\u00fcrich-Kloten bringen erh\u00f6hte L\u00e4rmbelastung. H.Staffelbach, Direktor Flughafen Z\u00fcrich<\/td>\n<\/tr>\n<tr>\n<td>&nbsp;<\/td>\n<td>Aktuelle Probleme der Polizeiabteilung. Gemeinderat J.Widmer<\/td>\n<\/tr>\n<tr>\n<td>&nbsp;<\/td>\n<td>Platzkonzert<\/td>\n<\/tr>\n<tr>\n<td>&nbsp;<\/td>\n<td>Motoren\u00f6l &amp;&nbsp; Maistortillas, technische Entwicklungszusammenarbeit in Zentralamerika. B.Lang<\/td>\n<\/tr>\n<tr>\n<td>1999<\/td>\n<td>&nbsp;<\/td>\n<\/tr>\n<tr>\n<td>&nbsp;<\/td>\n<td>Internet . was bringt es mir? G.Buchmann<\/td>\n<\/tr>\n<tr>\n<td>&nbsp;<\/td>\n<td>Platzkonzert<\/td>\n<\/tr>\n<tr>\n<td>&nbsp;<\/td>\n<td>Funkantennen und Elektrosmog in Zollikon. F.Sch\u00f6nborn etc<\/td>\n<\/tr>\n<tr>\n<td>&nbsp;<\/td>\n<td>Ersatzwahl Gemeinderat. Kandidaten stellen sich vor.<\/td>\n<\/tr>\n<tr>\n<td>1998<\/td>\n<td>&nbsp;<\/td>\n<\/tr>\n<tr>\n<td>&nbsp;<\/td>\n<td>Apero mit Kandidaten Gemeinderat<\/td>\n<\/tr>\n<tr>\n<td>&nbsp;<\/td>\n<td>Golfplatz im Zollikerberg. F.Weber<\/td>\n<\/tr>\n<tr>\n<td>&nbsp;<\/td>\n<td>Gesangsgruppe Benatzkys mit F.Wettstein<\/td>\n<\/tr>\n<tr>\n<td>&nbsp;<\/td>\n<td>Platzkonzert<\/td>\n<\/tr>\n<tr>\n<td>&nbsp;<\/td>\n<td>Weinbaugemeinde Zollikon. R.Humm&nbsp; D.Weber<\/td>\n<\/tr>\n<tr>\n<td>1997<\/td>\n<td>&nbsp;<\/td>\n<\/tr>\n<tr>\n<td>&nbsp;<\/td>\n<td>Hilfe f\u00fcr afghanische Fl\u00fcchtlinge.&nbsp; E.Neuenschwander<\/td>\n<\/tr>\n<tr>\n<td>&nbsp;<\/td>\n<td>Wohnungsmarkt und Mietzinsentwicklung.&nbsp; E.Desiriotis<\/td>\n<\/tr>\n<tr>\n<td>&nbsp;<\/td>\n<td>Platzkonzert<\/td>\n<\/tr>\n<tr>\n<td>1996<\/td>\n<td>&nbsp;<\/td>\n<\/tr>\n<tr>\n<td>&nbsp;<\/td>\n<td>Wasseradern und Erdstrahlen.&nbsp; K.Haefeli<\/td>\n<\/tr>\n<tr>\n<td>&nbsp;<\/td>\n<td>Revision derBau-und Zonenordnung. Auswirkungen auf den Zollikerberg.&nbsp; E.Wagner<\/td>\n<\/tr>\n<tr>\n<td>&nbsp;<\/td>\n<td>Platzkonzert<\/td>\n<\/tr>\n<tr>\n<td>&nbsp;<\/td>\n<td>Verl\u00e4ngerung der Tramlinie 11 bis Zollikerberg. R.K\u00fcnzle etc<\/td>\n<\/tr>\n<tr>\n<td>&nbsp;<\/td>\n<td>Roswies. Oeffentliche Nutzung oder Verkauf?&nbsp; Glarner,M\u00fcller,Wagner,Kueng,Schneider,Sch\u00fctt.<\/td>\n<\/tr>\n<tr>\n<td>1995<\/td>\n<td>&nbsp;<\/td>\n<\/tr>\n<tr>\n<td>&nbsp;<\/td>\n<td>Liegenschaften und Betriebe der Gemeinde und zuk\u00fcnftige Nutzung. Ch.Steinmann<\/td>\n<\/tr>\n<tr>\n<td>&nbsp;<\/td>\n<td>Kleine Tiere \u2013 grosse Plage. Ungeziefer im Haushalt.&nbsp; C.Wiederkehr<\/td>\n<\/tr>\n<tr>\n<td>&nbsp;<\/td>\n<td>Platzkonzert<\/td>\n<\/tr>\n<tr>\n<td>&nbsp;<\/td>\n<td>Sibirien. Schwieriger Alltag \u2013 grossartige Landschaft.&nbsp; B.Lang<\/td>\n<\/tr>\n<tr>\n<td>1994<\/td>\n<td>&nbsp;<\/td>\n<\/tr>\n<tr>\n<td>&nbsp;<\/td>\n<td>Traumziele \u2013 Blick hinter die Kulissen.&nbsp; S.Studer<\/td>\n<\/tr>\n<tr>\n<td>&nbsp;<\/td>\n<td>Teilrevision Bau- und Zonenordnung der Gemeinde.&nbsp; E.Wagner&nbsp; H.Alb<\/td>\n<\/tr>\n<tr>\n<td>&nbsp;<\/td>\n<td>Platzkonzert<\/td>\n<\/tr>\n<tr>\n<td>1993<\/td>\n<td>&nbsp;<\/td>\n<\/tr>\n<tr>\n<td>&nbsp;<\/td>\n<td>F\u00fchrung durch das Ortsmuseum. W.Blumer<\/td>\n<\/tr>\n<tr>\n<td>&nbsp;<\/td>\n<td>Zentrumsplanung Zollikerberg, wie weiter? G.Brunner.&nbsp; U.Schneider.<\/td>\n<\/tr>\n<tr>\n<td>&nbsp;<\/td>\n<td>Platzkonzert<\/td>\n<\/tr>\n<tr>\n<td>&nbsp;<\/td>\n<td>Weder Urwald noch Kahlschlag \u2013 der Zolliker Wald.&nbsp; A.Bodmer<\/td>\n<\/tr>\n<tr>\n<td>&nbsp;<\/td>\n<td>F\u00fchrung durch Wettbewerbsausstellung Neues Quartierzentrum.&nbsp; M.Sp\u00fchler<\/td>\n<\/tr>\n<tr>\n<td>&nbsp;<\/td>\n<td>Jubil\u00e4umsfeier 50 Jahre Quartierverein<\/td>\n<\/tr>\n<tr>\n<td>1992<\/td>\n<td>&nbsp;<\/td>\n<\/tr>\n<tr>\n<td>&nbsp;<\/td>\n<td>Aus dem Alltag der Musikschule. R.Altwegg<\/td>\n<\/tr>\n<tr>\n<td>&nbsp;<\/td>\n<td>Verkehrprobleme im Zollikerberg.&nbsp; C.Bodmer<\/td>\n<\/tr>\n<tr>\n<td>&nbsp;<\/td>\n<td>Platzkonzert<\/td>\n<\/tr>\n<tr>\n<td>&nbsp;<\/td>\n<td>Kreativ sein \u2013 Kreativ leben. U.Blancpain.<\/td>\n<\/tr>\n<tr>\n<td>1991<\/td>\n<td>&nbsp;<\/td>\n<\/tr>\n<tr>\n<td>&nbsp;<\/td>\n<td>Zus\u00e4tzlichew Personenunterf\u00fchrung bei der Forchbahnstation Neum\u00fcnster. I.Kern<\/td>\n<\/tr>\n<tr>\n<td>&nbsp;<\/td>\n<td>Abfallverminderung und Besichtigung von Kompostpl\u00e4tzen. A.Funk<\/td>\n<\/tr>\n<tr>\n<td>&nbsp;<\/td>\n<td>Zentrumplanung Zollikerberg. Ch.Ackeret etc<\/td>\n<\/tr>\n<tr>\n<td>&nbsp;<\/td>\n<td>Platzkonzert<\/td>\n<\/tr>\n<tr>\n<td>&nbsp;<\/td>\n<td>Naturnahe Gestaltung des Hausgartens. A.Winkler<\/td>\n<\/tr>\n<tr>\n<td>1990<\/td>\n<td>&nbsp;<\/td>\n<\/tr>\n<tr>\n<td>&nbsp;<\/td>\n<td>Umzonung R\u00fcterwies Freihaltezone in Wohnzone. A.Burkhart.&nbsp; B.Wehrli<\/td>\n<\/tr>\n<tr>\n<td>&nbsp;<\/td>\n<td>Erweiterung der Bibliothek. F.Hagger. etc<\/td>\n<\/tr>\n<tr>\n<td>&nbsp;<\/td>\n<td>Platzkonzert<\/td>\n<\/tr>\n<tr>\n<td>&nbsp;<\/td>\n<td>Archtektonischer Rundsgang durch das Quartier.&nbsp; H.Gremli<\/td>\n<\/tr>\n<tr>\n<td>1989<\/td>\n<td>&nbsp;<\/td>\n<\/tr>\n<tr>\n<td>&nbsp;<\/td>\n<td>Alltag in einem balinesischen Dorf. H.Werner<\/td>\n<\/tr>\n<tr>\n<td>&nbsp;<\/td>\n<td>Luftreinhalteverordnung \u2013 Bedeutung f\u00fcr unser Quartier. H.Sommer<\/td>\n<\/tr>\n<tr>\n<td>&nbsp;<\/td>\n<td>Platzkonzert<\/td>\n<\/tr>\n<tr>\n<td>&nbsp;<\/td>\n<td>Seniorenresidenz. R.Schubiger etc<\/td>\n<\/tr>\n<tr>\n<td>1988<\/td>\n<td>&nbsp;<\/td>\n<\/tr>\n<tr>\n<td>&nbsp;<\/td>\n<td>Wie gesund ist unser Boden. H.H\u00e4ni. F.Weber<\/td>\n<\/tr>\n<tr>\n<td>&nbsp;<\/td>\n<td>Kreuz und Quer durch Indonesion. H.Hinrichs<\/td>\n<\/tr>\n<tr>\n<td>&nbsp;<\/td>\n<td>Zielkonflikte in der Bewirtschaftung des Zolliker Waldes. A.Bodmer<\/td>\n<\/tr>\n<tr>\n<td>&nbsp;<\/td>\n<td>Platzkonzert<\/td>\n<\/tr>\n<tr>\n<td>&nbsp;<\/td>\n<td>Winterf\u00fctterung unserer V\u00f6gel. H.Bachmann<\/td>\n<\/tr>\n<tr>\n<td>1987<\/td>\n<td>&nbsp;<\/td>\n<\/tr>\n<tr>\n<td>&nbsp;<\/td>\n<td>Biologischer Gartenbau am Stadtrand. A. Suter<\/td>\n<\/tr>\n<tr>\n<td>&nbsp;<\/td>\n<td>Hundeerziehung. Besuch bei Hundesport Zollikon<\/td>\n<\/tr>\n<tr>\n<td>&nbsp;<\/td>\n<td>Zuk\u00fcnftige Strassenbauvorhaben im Zollikerberg. D.Metzenthin<\/td>\n<\/tr>\n<tr>\n<td>&nbsp;<\/td>\n<td>Mehr Lokalinformationen dank Kabelfernsehnetz. A.Schaller. E.Biedermann,etc<\/td>\n<\/tr>\n<tr>\n<td>1986<\/td>\n<td>&nbsp;<\/td>\n<\/tr>\n<tr>\n<td>&nbsp;<\/td>\n<td>Das Gewerbe in unserem Quartier. W.Meier und Gewerbler<\/td>\n<\/tr>\n<tr>\n<td>&nbsp;<\/td>\n<td>Historischer Quartierungang. R.Humm<\/td>\n<\/tr>\n<tr>\n<td>&nbsp;<\/td>\n<td>Gesund bleiben mit Nahrung und Heilpflanzen. A.Zumsteg<\/td>\n<\/tr>\n<tr>\n<td>&nbsp;<\/td>\n<td>Streifzug durch Probleme unseres Quartiers. H.Glarner<\/td>\n<\/tr>\n<tr>\n<td>&nbsp;<\/td>\n<td>Besuch der Gemeindebibliothek. M.Rohrer<\/td>\n<\/tr>\n<tr>\n<td>1985<\/td>\n<td>&nbsp;<\/td>\n<\/tr>\n<tr>\n<td>&nbsp;<\/td>\n<td>Neue Bau-und Zonenordnung und deren Auswirkungen auf das Quartier.&nbsp; H.Gremli<\/td>\n<\/tr>\n<tr>\n<td>&nbsp;<\/td>\n<td>Jagd ind Wild im Revier Zollikon.&nbsp; E.Hardmeier<\/td>\n<\/tr>\n<tr>\n<td>&nbsp;<\/td>\n<td>Medizinische Versorgung unseres Quartiers. U.Hildbrand<\/td>\n<\/tr>\n<tr>\n<td>&nbsp;<\/td>\n<td>Die Landwirtschaft im Zollikerberg. E.Wehrle und Landwirte<\/td>\n<\/tr>\n<tr>\n<td>&nbsp;<\/td>\n<td>Umweltgerechter Winterdienst und Unterhalt der Gemeindstrassen. D.Metzenthin<\/td>\n<\/tr>\n<tr>\n<td>1984<\/td>\n<td>&nbsp;<\/td>\n<\/tr>\n<tr>\n<td>&nbsp;<\/td>\n<td>Verbesserungen des Busbetriebes.&nbsp; D.Metzenthin<\/td>\n<\/tr>\n<tr>\n<td>&nbsp;<\/td>\n<td>Parlamentarier aus dem Quartier stellen sich vor Brunner,Wagner,Landolt<\/td>\n<\/tr>\n<tr>\n<td>&nbsp;<\/td>\n<td>Strahlen und Mineralien-ein gesundes Hobby&nbsp; M.Bodmer<\/td>\n<\/tr>\n<tr>\n<td>&nbsp;<\/td>\n<td>Veloplausch rund ums Quartier mit Wettbewerb<\/td>\n<\/tr>\n<tr>\n<td>&nbsp;<\/td>\n<td>Aufgaben der Gemeindepolizei bei der Verh\u00fctung von Verbrechen. E.Wehrle<\/td>\n<\/tr>\n<tr>\n<td>1983<\/td>\n<td>&nbsp;<\/td>\n<\/tr>\n<tr>\n<td>&nbsp;<\/td>\n<td>Begehung Bauentwicklungsgebiet Zwygarten<\/td>\n<\/tr>\n<tr>\n<td>&nbsp;<\/td>\n<td>Ausbau Forchbahn&nbsp; R. K\u00fcnzli, Direktor VBZ<\/td>\n<\/tr>\n<tr>\n<td>&nbsp;<\/td>\n<td>Ballonwettbewerb am Herbstmarkt<\/td>\n<\/tr>\n<tr>\n<td>&nbsp;<\/td>\n<td>Sch\u00fctzenswerte Bauten aus Sicht der Denkmalpflege P. Pfleghart<\/td>\n<\/tr>\n<\/tbody>\n<\/table>\n","protected":false},"excerpt":{"rendered":"<div class=\"mh-excerpt\"><p>Eine Aufstellung der Veranstaltungen der letzten Jahre. 2023 &nbsp; &nbsp; D.Selz Herausforderungen als Bauvorstand im Gemeinderat &nbsp; Hospital-at-home W. Widmer, Diakoniewerk Zollikerberg &nbsp; Umbau Station Waldburg, Projektleitung Forchbahn 2022 &nbsp; &nbsp; Gemeinderat in Zollikon- eine <a class=\"mh-excerpt-more\" href=\"https:\/\/quartierverein-zollikerberg.ch\/?page_id=373\" title=\"Veranstaltungen Archiv\">[&#8230;]<\/a><\/p>\n<\/div>","protected":false},"author":1,"featured_media":0,"parent":13,"menu_order":0,"comment_status":"closed","ping_status":"closed","template":"","meta":{"ngg_post_thumbnail":0,"footnotes":""},"class_list":["post-373","page","type-page","status-publish"],"_links":{"self":[{"href":"https:\/\/quartierverein-zollikerberg.ch\/index.php?rest_route=\/wp\/v2\/pages\/373","targetHints":{"allow":["GET"]}}],"collection":[{"href":"https:\/\/quartierverein-zollikerberg.ch\/index.php?rest_route=\/wp\/v2\/pages"}],"about":[{"href":"https:\/\/quartierverein-zollikerberg.ch\/index.php?rest_route=\/wp\/v2\/types\/page"}],"author":[{"embeddable":true,"href":"https:\/\/quartierverein-zollikerberg.ch\/index.php?rest_route=\/wp\/v2\/users\/1"}],"replies":[{"embeddable":true,"href":"https:\/\/quartierverein-zollikerberg.ch\/index.php?rest_route=%2Fwp%2Fv2%2Fcomments&post=373"}],"version-history":[{"count":16,"href":"https:\/\/quartierverein-zollikerberg.ch\/index.php?rest_route=\/wp\/v2\/pages\/373\/revisions"}],"predecessor-version":[{"id":3654,"href":"https:\/\/quartierverein-zollikerberg.ch\/index.php?rest_route=\/wp\/v2\/pages\/373\/revisions\/3654"}],"up":[{"embeddable":true,"href":"https:\/\/quartierverein-zollikerberg.ch\/index.php?rest_route=\/wp\/v2\/pages\/13"}],"wp:attachment":[{"href":"https:\/\/quartierverein-zollikerberg.ch\/index.php?rest_route=%2Fwp%2Fv2%2Fmedia&parent=373"}],"curies":[{"name":"wp","href":"https:\/\/api.w.org\/{rel}","templated":true}]}}