{"id":399,"date":"2016-04-16T11:37:33","date_gmt":"2016-04-16T09:37:33","guid":{"rendered":"http:\/\/quartierverein-zollikerberg.ch.marissa.ch-meta.net\/?page_id=399"},"modified":"2018-09-14T10:34:17","modified_gmt":"2018-09-14T08:34:17","slug":"projekt-bahnschranken","status":"publish","type":"page","link":"https:\/\/quartierverein-zollikerberg.ch\/?page_id=399","title":{"rendered":"Bahnschranken"},"content":{"rendered":"<p>Nebst den speziellen Beitr\u00e4gen zu diesem Thema finden Sie hier weitere Information.<\/p>\n<hr>\n<p>Im September 2016 hat der Vorstand einen <a href=\"http:\/\/quartierverein-zollikerberg.ch\/wp-content\/uploads\/2016\/10\/B-Forchbahn-zu-Film-rev-Sept-2016.pdf\">Brief an die Forchbahn<\/a>&nbsp;geschrieben und darin den <a href=\"https:\/\/vbzonline.ch\/2016\/07\/06\/wo-der-mensch-schranken-braucht\/\" target=\"_blank\" rel=\"noopener\">Werbefilm<\/a>&nbsp; &#8222;WO DER MENSCH SCHRANKEN BRAUCHT&#8220; \u00fcber die Forchbahn kritisch kommentiert. Die negativen Auswirkungen von Bahnschranken werden v\u00f6llig ausgeblendet. Schade ist, dass f\u00fcr einen derartigen tendenzi\u00f6sen Film Gelder verschwendet werden!<\/p>\n<hr>\n<p>Eingabe des QV ans Bundesamt f\u00fcr Verkehr betreffend Nicht-Realisierung der Schrankenanlage<\/p>\n<p><a href=\"http:\/\/quartierverein-zollikerberg.ch\/wp-content\/uploads\/2016\/05\/Einsprache-QVZb-B\u00dce-Trichterhauserstrasse-Jan-2015.pdf\" target=\"_blank\" rel=\"noopener\">Einsprache QVZb B\u00dce Trichterhauserstrasse Jan 2015<\/a>&nbsp;<\/p>\n<p><a href=\"http:\/\/quartierverein-zollikerberg.ch.marissa.ch-meta.net\/wp-content\/uploads\/2016\/04\/Einsprache-QVZb-B\u00dce-Binzstrasse-Jan-2015.doc\">Einsprache <\/a><a href=\"http:\/\/quartierverein-zollikerberg.ch\/wp-content\/uploads\/2016\/05\/Einsprache-QVZb-B\u00dce-Binzstrasse-Jan-2015.pdf\" target=\"_blank\" rel=\"noopener\">QVZb B\u00dce Binzstrasse Jan 2015<\/a>&nbsp;<\/p>\n<hr>\n<p>Aufgrund einer Projektanpassung wurde das Projekt &#8222;Uebergang Binzstrasse&#8220; nochmals aufgelegt. Der Quariterverein und einige Einwohner haben gegen das modifizierte Projekt wiederum Einsprache erhoben. Dieses Projekt wird eine verl\u00e4ngerte Einspurstrecke f\u00fcr den Linksabbieger auf der Forchstrasse machen und verbreitert die Forchstrasse zulasten der Vorg\u00e4rten auf einer ziemlichen L\u00e4nge.<\/p>\n<p>Hier die Einsprache vom Quariterverein:&nbsp;<a href=\"http:\/\/quartierverein-zollikerberg.ch\/wp-content\/uploads\/2018\/09\/Einsprache-QVZb-B\u00dce-Binzstrasse-August-2018.pdf\" target=\"_blank\" rel=\"noopener\">Einsprache QVZb B\u00dce Binzstrasse August 2018<\/a><\/p>\n","protected":false},"excerpt":{"rendered":"<div class=\"mh-excerpt\"><p>Nebst den speziellen Beitr\u00e4gen zu diesem Thema finden Sie hier weitere Information. Im September 2016 hat der Vorstand einen Brief an die Forchbahn&nbsp;geschrieben und darin den Werbefilm&nbsp; &#8222;WO DER MENSCH SCHRANKEN BRAUCHT&#8220; \u00fcber die Forchbahn <a class=\"mh-excerpt-more\" href=\"https:\/\/quartierverein-zollikerberg.ch\/?page_id=399\" title=\"Bahnschranken\">[&#8230;]<\/a><\/p>\n<\/div>","protected":false},"author":1,"featured_media":0,"parent":405,"menu_order":0,"comment_status":"open","ping_status":"closed","template":"","meta":{"ngg_post_thumbnail":0,"footnotes":""},"class_list":["post-399","page","type-page","status-publish"],"_links":{"self":[{"href":"https:\/\/quartierverein-zollikerberg.ch\/index.php?rest_route=\/wp\/v2\/pages\/399","targetHints":{"allow":["GET"]}}],"collection":[{"href":"https:\/\/quartierverein-zollikerberg.ch\/index.php?rest_route=\/wp\/v2\/pages"}],"about":[{"href":"https:\/\/quartierverein-zollikerberg.ch\/index.php?rest_route=\/wp\/v2\/types\/page"}],"author":[{"embeddable":true,"href":"https:\/\/quartierverein-zollikerberg.ch\/index.php?rest_route=\/wp\/v2\/users\/1"}],"replies":[{"embeddable":true,"href":"https:\/\/quartierverein-zollikerberg.ch\/index.php?rest_route=%2Fwp%2Fv2%2Fcomments&post=399"}],"version-history":[{"count":14,"href":"https:\/\/quartierverein-zollikerberg.ch\/index.php?rest_route=\/wp\/v2\/pages\/399\/revisions"}],"predecessor-version":[{"id":1776,"href":"https:\/\/quartierverein-zollikerberg.ch\/index.php?rest_route=\/wp\/v2\/pages\/399\/revisions\/1776"}],"up":[{"embeddable":true,"href":"https:\/\/quartierverein-zollikerberg.ch\/index.php?rest_route=\/wp\/v2\/pages\/405"}],"wp:attachment":[{"href":"https:\/\/quartierverein-zollikerberg.ch\/index.php?rest_route=%2Fwp%2Fv2%2Fmedia&parent=399"}],"curies":[{"name":"wp","href":"https:\/\/api.w.org\/{rel}","templated":true}]}}