{"id":402,"date":"2016-04-16T11:48:26","date_gmt":"2016-04-16T09:48:26","guid":{"rendered":"http:\/\/quartierverein-zollikerberg.ch.marissa.ch-meta.net\/?page_id=402"},"modified":"2018-10-02T16:27:28","modified_gmt":"2018-10-02T14:27:28","slug":"wochenend-fahrverbot","status":"publish","type":"page","link":"https:\/\/quartierverein-zollikerberg.ch\/?page_id=402","title":{"rendered":"Wochenend-Fahrverbot Sennhofstrasse"},"content":{"rendered":"<p>Seit Juli 2018 ist nach langem Insistieren des Quartiervereins eine permanente Ueberwachungskamera auf dem Abschnitt Oberhueb &#8211; Zumikon installiert. Somit kann dieser,mit einem Wochenend-Fahrverbot belegte Abschnitt, nun permanent kontrolliert und fehlbare Lenkerinnen und Lenker k\u00f6nnen geb\u00fcsst werden. Der Quartierverein bedankt sich beim Gemeinderat f\u00fcr diese Realisierung und hofft, dass die Fussg\u00e4nger am Wochenende nun unbehelligt passieren k\u00f6nnen.<\/p>\n<p>&nbsp;<\/p>\n<p><span style=\"text-decoration: underline;\">Betrifft den&nbsp;Abschnitt vom Oberhueb nach Zumikon<\/span><\/p>\n<p>Der QV setzt sich seit vielen Jahren daf\u00fcr ein, dass das Wochenend-Fahrverbot Sennhofstrasse Abschnitt Oberhueb nach Zumikon durchgesetzt wird.<\/p>\n<p>Diverse Vorst\u00f6sse erfolgten in den letzten Jahren. (<a href=\"http:\/\/quartierverein-zollikerberg.ch\/wp-content\/uploads\/2016\/04\/Sennhofstrasse-Korrespondenz-mit-GR.pdf\" target=\"_blank\" rel=\"noopener\">Sennhofstrasse &#8211; Korrespondenz mit GR<\/a>)<\/p>\n<p>Eine g\u00fcnstige M\u00f6glichkeit w\u00e4re die Installation einer Kamera an einem Lampenmasten, die \u00fcbers Wochenende die Durchfahrten aufzeichnet und direkt der Polizei \u00fcbermittelt. Eine solche Anlage kostet gem\u00e4ss einer vom QV eingeholten Offerte rund CHF 10&#8217;000.-.<\/p>\n<p>Der QV erachtet diese Investition als sehr sinnvoll und hofft, dass der Gemeinderat diese L\u00f6sung umsetzt. Falls der Gemeinderat aber &nbsp;mittels baulichen Massnahmen (z.B. absenkbare Poller) noch bessere L\u00f6sungen hat, welche die Durchfahrt verunm\u00f6glichen, so steht der QV voll hinter diesen Bestrebungen.<\/p>\n","protected":false},"excerpt":{"rendered":"<div class=\"mh-excerpt\"><p>Seit Juli 2018 ist nach langem Insistieren des Quartiervereins eine permanente Ueberwachungskamera auf dem Abschnitt Oberhueb &#8211; Zumikon installiert. Somit kann dieser,mit einem Wochenend-Fahrverbot belegte Abschnitt, nun permanent kontrolliert und fehlbare Lenkerinnen und Lenker k\u00f6nnen <a class=\"mh-excerpt-more\" href=\"https:\/\/quartierverein-zollikerberg.ch\/?page_id=402\" title=\"Wochenend-Fahrverbot Sennhofstrasse\">[&#8230;]<\/a><\/p>\n<\/div>","protected":false},"author":1,"featured_media":0,"parent":405,"menu_order":0,"comment_status":"open","ping_status":"closed","template":"","meta":{"ngg_post_thumbnail":0,"footnotes":""},"class_list":["post-402","page","type-page","status-publish"],"_links":{"self":[{"href":"https:\/\/quartierverein-zollikerberg.ch\/index.php?rest_route=\/wp\/v2\/pages\/402","targetHints":{"allow":["GET"]}}],"collection":[{"href":"https:\/\/quartierverein-zollikerberg.ch\/index.php?rest_route=\/wp\/v2\/pages"}],"about":[{"href":"https:\/\/quartierverein-zollikerberg.ch\/index.php?rest_route=\/wp\/v2\/types\/page"}],"author":[{"embeddable":true,"href":"https:\/\/quartierverein-zollikerberg.ch\/index.php?rest_route=\/wp\/v2\/users\/1"}],"replies":[{"embeddable":true,"href":"https:\/\/quartierverein-zollikerberg.ch\/index.php?rest_route=%2Fwp%2Fv2%2Fcomments&post=402"}],"version-history":[{"count":9,"href":"https:\/\/quartierverein-zollikerberg.ch\/index.php?rest_route=\/wp\/v2\/pages\/402\/revisions"}],"predecessor-version":[{"id":1799,"href":"https:\/\/quartierverein-zollikerberg.ch\/index.php?rest_route=\/wp\/v2\/pages\/402\/revisions\/1799"}],"up":[{"embeddable":true,"href":"https:\/\/quartierverein-zollikerberg.ch\/index.php?rest_route=\/wp\/v2\/pages\/405"}],"wp:attachment":[{"href":"https:\/\/quartierverein-zollikerberg.ch\/index.php?rest_route=%2Fwp%2Fv2%2Fmedia&parent=402"}],"curies":[{"name":"wp","href":"https:\/\/api.w.org\/{rel}","templated":true}]}}