{"id":48,"date":"2016-03-05T17:00:29","date_gmt":"2016-03-05T17:00:29","guid":{"rendered":"http:\/\/quartierverein-zollikerberg.ch.marissa.ch-meta.net\/?page_id=48"},"modified":"2024-10-02T20:18:48","modified_gmt":"2024-10-02T18:18:48","slug":"historisches","status":"publish","type":"page","link":"https:\/\/quartierverein-zollikerberg.ch\/?page_id=48","title":{"rendered":"Historisches"},"content":{"rendered":"\n<p>Vortrag von Martin H\u00fcbner Zollikerberg, ca. 2014?<\/p>\n\n\n\n<figure class=\"wp-block-image size-thumbnail is-resized\"><a href=\"http:\/\/quartierverein-zollikerberg.ch\/wp-content\/uploads\/2016\/03\/Deckblatt-Vortrag-H\u00fcbner.jpg\"><img loading=\"lazy\" decoding=\"async\" width=\"150\" height=\"150\" src=\"https:\/\/quartierverein-zollikerberg.ch\/wp-content\/uploads\/2016\/03\/Deckblatt-Vortrag-H\u00fcbner-150x150.jpg\" alt=\"\" class=\"wp-image-517\" style=\"width:200px;height:auto\"\/><\/a><\/figure>\n\n\n\n<figure class=\"wp-block-table\"><table class=\"has-fixed-layout\"><tbody><tr><td colspan=\"2\"><\/td><\/tr><tr><td rowspan=\"2\"><\/td><td><a href=\"http:\/\/quartierverein-zollikerberg.ch\/wp-content\/uploads\/2016\/04\/Geschichte-der-Gemeinde-Zollikon-Teil1.pdf\" rel=\"\">Geschichte der Gemeinde Zollikon Teil1<\/a><\/td><\/tr><tr><td><a href=\"http:\/\/quartierverein-zollikerberg.ch\/wp-content\/uploads\/2016\/04\/Geschichte-der-Gemeinde-Zollikon-Teil2.pdf\" rel=\"\">Geschichte der Gemeinde Zollikon Teil2<\/a><\/td><\/tr><\/tbody><\/table><\/figure>\n\n\n\n<p>&nbsp;<\/p>\n\n\n\n<figure class=\"wp-block-table\"><table class=\"has-fixed-layout\"><tbody><tr><td><u>Um 1848<\/u><\/td><td><u>Um 1900<\/u><\/td><td><u>Um 1919<\/u><\/td><\/tr><tr><td><img loading=\"lazy\" decoding=\"async\" class=\"alignnone size-medium wp-image-218\" src=\"http:\/\/quartierverein-zollikerberg.ch.marissa.ch-meta.net\/wp-content\/uploads\/2016\/04\/Wildkarte_Berg_1848-300x261.jpg\" alt=\"Wildkarte_Berg_1848\" width=\"300\" height=\"261\" srcset=\"https:\/\/quartierverein-zollikerberg.ch\/wp-content\/uploads\/2016\/04\/Wildkarte_Berg_1848-300x261.jpg 300w, https:\/\/quartierverein-zollikerberg.ch\/wp-content\/uploads\/2016\/04\/Wildkarte_Berg_1848-768x668.jpg 768w, https:\/\/quartierverein-zollikerberg.ch\/wp-content\/uploads\/2016\/04\/Wildkarte_Berg_1848-1024x891.jpg 1024w, https:\/\/quartierverein-zollikerberg.ch\/wp-content\/uploads\/2016\/04\/Wildkarte_Berg_1848.jpg 1233w\" sizes=\"auto, (max-width: 300px) 100vw, 300px\" \/><\/td><td><img loading=\"lazy\" decoding=\"async\" class=\"alignnone size-medium wp-image-216\" src=\"http:\/\/quartierverein-zollikerberg.ch.marissa.ch-meta.net\/wp-content\/uploads\/2016\/04\/Wegkarte_1900-Berg-300x212.jpg\" alt=\"Wegkarte_1900-Berg\" width=\"300\" height=\"212\" srcset=\"https:\/\/quartierverein-zollikerberg.ch\/wp-content\/uploads\/2016\/04\/Wegkarte_1900-Berg-300x212.jpg 300w, https:\/\/quartierverein-zollikerberg.ch\/wp-content\/uploads\/2016\/04\/Wegkarte_1900-Berg-768x543.jpg 768w, https:\/\/quartierverein-zollikerberg.ch\/wp-content\/uploads\/2016\/04\/Wegkarte_1900-Berg-1024x724.jpg 1024w\" sizes=\"auto, (max-width: 300px) 100vw, 300px\" \/><\/td><td><img loading=\"lazy\" decoding=\"async\" class=\"alignnone size-medium wp-image-217\" src=\"http:\/\/quartierverein-zollikerberg.ch.marissa.ch-meta.net\/wp-content\/uploads\/2016\/04\/Wegkarte_1919_Berg-300x243.jpg\" alt=\"Wegkarte_1919_Berg\" width=\"300\" height=\"243\" srcset=\"https:\/\/quartierverein-zollikerberg.ch\/wp-content\/uploads\/2016\/04\/Wegkarte_1919_Berg-300x243.jpg 300w, https:\/\/quartierverein-zollikerberg.ch\/wp-content\/uploads\/2016\/04\/Wegkarte_1919_Berg-768x622.jpg 768w, https:\/\/quartierverein-zollikerberg.ch\/wp-content\/uploads\/2016\/04\/Wegkarte_1919_Berg.jpg 845w\" sizes=\"auto, (max-width: 300px) 100vw, 300px\" \/><\/td><\/tr><\/tbody><\/table><\/figure>\n\n\n\n<p>&nbsp;<\/p>\n\n\n\n<h4 class=\"wp-block-heading\">Chronik redigiert von Martin H\u00fcbner<\/h4>\n\n\n<table width=\"780\">\n<tbody>\n<tr>\n<td width=\"107\">2018<\/td>\n<td width=\"673\">Die Kinderg\u00e4rten kommen alle in die Schulanlage R\u00fcterwies. Im neu erstellten Schultrakt werden alle f\u00fcnf Kindergartenabteilungen neu untergebracht.<\/td>\n<\/tr>\n<tr>\n<td width=\"107\">2017<\/td>\n<td width=\"673\">Die Poststelle Zollikerberg wird geschlossen. Auf grossen Einsatz des Quartiervereins wird eine Postagentur im Kiosk Station Rosengarten er\u00f6ffnet.<\/td>\n<\/tr>\n<tr>\n<td width=\"107\">2009<\/td>\n<td width=\"673\">Quartiertreff im Zollikerberg wird er\u00f6ffnet.<\/td>\n<\/tr>\n<tr>\n<td width=\"107\">1999<\/td>\n<td width=\"673\">\u201eLothar\u201c Am Stefanstag fegt der Jahrhundertstum Lothar auch \u00fcber den Zollikerberg und richtet in den Waldungen grosse Sch\u00e4den an. Von der Rehalp bis ins Sennholz werden rund 30 Hektaren Wald ganzfl\u00e4chig zerst\u00f6rt.<\/td>\n<\/tr>\n<tr>\n<td width=\"107\">1980<\/td>\n<td width=\"673\">Gr\u00fcnzone. Die Vordere R\u00fcterwis wird zur st\u00e4ndigen Freihaltezone.<\/td>\n<\/tr>\n<tr>\n<td width=\"107\">1974<\/td>\n<td width=\"673\">Restaurant Waldburg wird abgerissen und an seiner Stelle ein Wohnhaus errichtet.<\/td>\n<\/tr>\n<tr>\n<td width=\"107\">1974<\/td>\n<td width=\"673\">Landkauf im Berg. Die Gemeindeversammlung stimmt dem Kauf von 30\u2018657 m2 im Zwigarten und im Subisacher zu 7,4 Millionen Franken zu.<\/td>\n<\/tr>\n<tr>\n<td width=\"107\">1973<\/td>\n<td width=\"673\">Schwimmbad Fohrbach. Es wird im Sommer er\u00f6ffnet.<\/td>\n<\/tr>\n<tr>\n<td width=\"107\">1971<\/td>\n<td width=\"673\">Der Freizeitdienst wird im Auftrag und unter der direkten Verantwortung des Wohlfahrtsvorstandes von Ren\u00e9 Scheidegger gestartet.<\/td>\n<\/tr>\n<tr>\n<td width=\"107\">1971<\/td>\n<td width=\"673\">Die zwei \u00fcbereinanderliegenden Turnhallen vervollst\u00e4ndigen die Schulanlage R\u00fcterwis.<\/td>\n<\/tr>\n<tr>\n<td width=\"107\">1970<\/td>\n<td width=\"673\">Der Chramschopf wird gegr\u00fcndet.<\/td>\n<\/tr>\n<tr>\n<td width=\"107\">1966<\/td>\n<td width=\"673\">Katholische Kirche im Berg. Die katholische Kirche St. Michael am Neuweg im Zollikerberg wird von Bischof Johannes Vonderach geweiht.<\/td>\n<\/tr>\n<tr>\n<td width=\"107\">1964<\/td>\n<td width=\"673\">Landkauf im Berg. Die Gemeinde kauft 24\u2018567 m2 Land in der Rossweid, im Hinteramt, in der Glarnerwies, in den Auen sowie in der Brunnenwiesen zum Gesamtbetrag von Fr. 1,7 Millionen Franken.&nbsp;<\/td>\n<\/tr>\n<tr>\n<td width=\"107\">1963<\/td>\n<td width=\"673\">Das Schulhaus R\u00fcterwis ist bezugsbereit. Karl A. Zingg hatte sechs&nbsp; Normalklassenzimmer und eine Grosszahl von Nebenr\u00e4umen soeie einer Hauswartwohnung entworfen<\/td>\n<\/tr>\n<tr>\n<td width=\"107\">1963<\/td>\n<td width=\"673\">Hochh\u00e4user in der Langwatt. Der Generalunternehmer Karl Steiner AG beginnt den Bau der Hochh\u00e4user.<\/td>\n<\/tr>\n<tr>\n<td width=\"107\">1960<\/td>\n<td width=\"673\">Einweihung der Reformierten Kirche im Berg. Im Berg ist das Kirchliche Zentrum bezugsbereit.<\/td>\n<\/tr>\n<tr>\n<td width=\"107\">1958<\/td>\n<td width=\"673\">Restaurant Rosengarten macht Platz f\u00fcr Strassenverbreiterung. Das alte, bauf\u00e4llig gewordene wird abgerissen und in den n\u00e4chsten Jahren auf der anderen Strassenseite neu errichtet.<\/td>\n<\/tr>\n<tr>\n<td width=\"107\">1955<\/td>\n<td width=\"673\">Buslinie f\u00fcr den Berg. Vom Bahnhof Zollikon f\u00e4hrt halbst\u00fcndlich ein Bus bis zum Rosengarten Zollikerberg.<\/td>\n<\/tr>\n<tr>\n<td width=\"107\">1954<\/td>\n<td width=\"673\">Schulhaus R\u00fcterwis B. Die 5 Zus\u00e4tzlichen Unterrichtszimmer und Nebenr\u00e4ume, Entworfen von Hans von Meyenburg unter dem Decknamen Pythagoras, darum die Sitzbank im Eingang in Form des Pythagoras, wurden bezogen.&nbsp;<\/td>\n<\/tr>\n<tr>\n<td width=\"107\">1948<\/td>\n<td width=\"673\">Erweiterungsbau mit Turnhalle im Berg. Die Schule weiht das Zus\u00e4tzliche Schulzimmer, die Hauswartwohnung, diverse Nebenr\u00e4ume und die Turnhalle ein.<\/td>\n<\/tr>\n<tr>\n<td width=\"107\">1933<\/td>\n<td width=\"673\">Spital Zollikerberg. Am 20. August findet die Einweihung des Neum\u00fcnster Spitals in Zollikerberg statt.<\/td>\n<\/tr>\n<tr>\n<td width=\"107\">1912<\/td>\n<td width=\"673\">Er\u00f6ffnung der Forchbahn. Innert kurzer Zeit wurde die Bahnlinie Z\u00fcrich-Zollikerber-Zumikon-Forch-Egg-Esslingen gebaut und er\u00f6ffnet<\/td>\n<\/tr>\n<tr>\n<td width=\"107\">1912<\/td>\n<td width=\"673\">\u201eNeues\u201c Schulhaus Zollikerberg. Ein neues Schulhaus mit drei Schulzimmern, einem Handarbeitszimmer und einem Turnschopf wird von den zwei Lehrern mit ihren Klassen bezogen.<\/td>\n<\/tr>\n<tr>\n<td width=\"107\">1909<\/td>\n<td width=\"673\">\u201eZolliker Bote\u201c Anni Schnorf begr\u00fcndet das Wochenblatt f\u00fcr Zollikon.<\/td>\n<\/tr>\n<tr>\n<td width=\"107\">1905<\/td>\n<td width=\"673\">Automobilbus auf der Forchstrasse. Automomilbusse mit Benzinmotoren \u00fcbernehmen den Personentransport auf der Forchstrasse von Z\u00fcrich nach Esslingen.<\/td>\n<\/tr>\n<tr>\n<td width=\"107\">1877<\/td>\n<td width=\"673\">Aufl\u00f6sung der beiden Zivilgemeinden Dorf und Berg. Das Gemeindegut des Zollikerbergs geht an die vereinte politische Gemeinde.<\/td>\n<\/tr>\n<tr>\n<td width=\"107\">1824<\/td>\n<td width=\"673\">Der Berg erh\u00e4lt sein erstes Schulhaus. Nach zwei Jahren Schule im Bauernhaus der Familie Zollinger, zieht die Schule ins neu erstellte Haus an der Oberhuebstrasse.<\/td>\n<\/tr>\n<tr>\n<td width=\"107\">1817<\/td>\n<td width=\"673\">Hungersnot auch in Zollikon.<\/td>\n<\/tr>\n<tr>\n<td width=\"107\">1804<\/td>\n<td width=\"673\">Abl\u00f6sung von Zumikon. Die Berggemeinde, die sich mit 48 Stimmen f\u00fcr Zollikon und 8 Stimmen f\u00fcr Zumikon ausgesprochen hat, wird auch in Zivil- und Polizeisachen mit Zollikon vereint. Die Kinder der H\u00f6fe Trichtenhusen, Ober- und Unterhuieb, Sennhof und Wilhof werden der Schule Zollikon zugeteilt.<\/td>\n<\/tr>\n<tr>\n<td width=\"107\">1799<\/td>\n<td width=\"673\">Zollikon wird Kriegsschauplatz. Die erste Schlacht von Z\u00fcrich, Franzosen gegen \u00d6strreicher und Russen findet auch In Zollikon statt. Nach der zweiten Schlacht um Z\u00fcrich zieht sich eine Abteilung der Russen \u00fcber die Forch zur\u00fcck. Jung und Alt aus Zollikon Dorf und Berg pl\u00fcndern zwei Tage lang.<\/td>\n<\/tr>\n<tr>\n<td width=\"107\">1778<\/td>\n<td width=\"673\">Unwetter. Am 8. Juli l\u00e4sst ein Unwetter den Wehrenbach anschwellen. In der Trichtenhuser M\u00fchle reissen die Fluten einen Teil der M\u00fchlen und des Wohnhauses mit.<\/td>\n<\/tr>\n<tr>\n<td width=\"107\">1710<\/td>\n<td width=\"673\">Einwohner Berg Im Zollikerberg sind 14 Haushaltvorst\u00e4nde, 12 Bauern und 2 Handwerker, n\u00e4mlich der M\u00fcller in Trichtenhausen und der Wagner im Sennhof.<\/td>\n<\/tr>\n<tr>\n<td width=\"107\">1582<\/td>\n<td width=\"673\">Pest in Zollikon Dorf und Berg. Von ca. 700 Einwohnern fielen ca. 200 der Pest zum Opfer und nur 30 Jahre sp\u00e4ter nochmals 150 Einwohner.<\/td>\n<\/tr>\n<tr>\n<td width=\"107\">1525<\/td>\n<td width=\"673\">Erste T\u00e4ufergemeinde. Im Hause Gstadstrasse&nbsp; 25 fand sich die weltweit erste T\u00e4ufergemeinde, die die Erwachsenentaufe zelebrierte, zusammen. Die Verantwortlichen wurden durch den Rat auf Dr\u00e4ngen Zwinglis streng verfolgt.<\/td>\n<\/tr>\n<tr>\n<td width=\"107\">1499<\/td>\n<td width=\"673\">Dorf Kirche eingeweiht. \u00dcber den Grundmauern einer Fr\u00fchgotischen Kirche wurde die heutige Dorfkirche gebaut.<\/td>\n<\/tr>\n<tr>\n<td width=\"107\">1434<\/td>\n<td width=\"673\">Sennhof: Hans Tobelmann aus Steintal bei Wattwil erwarb das Anwesen&nbsp; am Waldrand. Er hatte den \u00dcbernamen \u201eSenn\u201c. So bekam der Hof den \u00dcbernamen \u201eSennhof&#8220;.<\/td>\n<\/tr>\n<tr>\n<td width=\"107\">1358<\/td>\n<td width=\"673\">Letzte Hinrichtung. Bis ins 14. Jahrh. wurde auf der Dingstatt, Deisten Wiese, Hofgericht gehalten und auf dem Galgenb\u00fcel gerichtet.<\/td>\n<\/tr>\n<tr>\n<td width=\"107\">1357<\/td>\n<td width=\"673\">Zollikon gelangt an die Stadt Z\u00fcrich. Ritter Gottfried M\u00fcllner, G\u00f6tz II, seine Vogteirechte \u00fcber Stadelhofen, Trichtenhusen und Zollikon an die Stadt Z\u00fcrich f\u00fcr 400 Silbermark.<\/td>\n<\/tr>\n<tr>\n<td width=\"107\">1330<\/td>\n<td width=\"673\">Urkundliche Ordnung. Gr\u00fcndung der Holzkorporation Zollikon. Die Dorfgenossen schliessen sich zusammen zur Verhinderung der \u00dcbernutzung des Waldes und Verkauf von Holzanteilen ausserhalb des Dorfes. Damit ist Zollikon neben den St\u00e4dten Z\u00fcrich und Winterthur die \u00e4lteste Gemeinde mit urkundlicher Ordnung im Kt. Z\u00fcrich.<\/td>\n<\/tr>\n<tr>\n<td width=\"107\">1275<\/td>\n<td width=\"673\">Kapelle. Eine Urkunde erw\u00e4hnt eine Kapelle in Trichtenhusen (Unterhueb) die vom Grossm\u00fcnsterstift betreut wird wie die Kirche im Dorf unten.<\/td>\n<\/tr>\n<tr>\n<td width=\"107\">946<\/td>\n<td width=\"673\">Collinchova. Die Gemeinde wird in einem Rotulus (Urkundenrolle) erstmals urkundlich erw\u00e4hnt: Collinchovin (Zollikon) Truhtilhusa (Trichtenhausen) Witalinchova (Witellikon). In dieser Urkunde werden zwischen dem Grossm\u00fcnster und der Kirche St. Peter die Zehntenrechte der stadtnahen Siedlungen ausgeschieden.<\/td>\n<\/tr>\n<tr>\n<td width=\"107\">\n<p>8. Jh. n. Chr.<\/p>\n<\/td>\n<td width=\"673\">Zollo. Der Allemanne \u201eZollo\u201c siedelt mit seiner Sippe an den Gestaden des Z\u00fcrichsees. Er wird zum Namensgeber von Zollikon. \u201eTruchtilo\u201c siedelt im Gebiet des Wilhofs und der Unterhueb. Diese Siedlung wird sp\u00e4ter Trichtenhausen genannt.<\/td>\n<\/tr>\n<tr>\n<td width=\"107\">7.\/6. Jh. v. Chr.<\/td>\n<td width=\"673\">Feufb\u00fcel. F\u00fcnf Grabh\u00fcgel aus der Hallstattzeit sind die \u00e4ltesten Zeugen von Bewohnern im Zollikerberg. In den beiden gut sichtbaren Aufsch\u00fcttungen wurden 1860 bei Grabungen Grabbeigaben wie ein Rundbodiger Bronzekessel und Zubeh\u00f6r einer weiblichen Tracht gefunden.&nbsp;&nbsp;<\/td>\n<\/tr>\n<\/tbody>\n<\/table>","protected":false},"excerpt":{"rendered":"<div class=\"mh-excerpt\"><p>Vortrag von Martin H\u00fcbner Zollikerberg, ca. 2014? Geschichte der Gemeinde Zollikon Teil1 Geschichte der Gemeinde Zollikon Teil2 &nbsp; Um 1848 Um 1900 Um 1919 &nbsp; Chronik redigiert von Martin H\u00fcbner 2018 Die Kinderg\u00e4rten kommen alle <a class=\"mh-excerpt-more\" href=\"https:\/\/quartierverein-zollikerberg.ch\/?page_id=48\" title=\"Historisches\">[&#8230;]<\/a><\/p>\n<\/div>","protected":false},"author":1,"featured_media":0,"parent":16,"menu_order":0,"comment_status":"closed","ping_status":"closed","template":"","meta":{"ngg_post_thumbnail":0,"footnotes":""},"class_list":["post-48","page","type-page","status-publish"],"_links":{"self":[{"href":"https:\/\/quartierverein-zollikerberg.ch\/index.php?rest_route=\/wp\/v2\/pages\/48","targetHints":{"allow":["GET"]}}],"collection":[{"href":"https:\/\/quartierverein-zollikerberg.ch\/index.php?rest_route=\/wp\/v2\/pages"}],"about":[{"href":"https:\/\/quartierverein-zollikerberg.ch\/index.php?rest_route=\/wp\/v2\/types\/page"}],"author":[{"embeddable":true,"href":"https:\/\/quartierverein-zollikerberg.ch\/index.php?rest_route=\/wp\/v2\/users\/1"}],"replies":[{"embeddable":true,"href":"https:\/\/quartierverein-zollikerberg.ch\/index.php?rest_route=%2Fwp%2Fv2%2Fcomments&post=48"}],"version-history":[{"count":22,"href":"https:\/\/quartierverein-zollikerberg.ch\/index.php?rest_route=\/wp\/v2\/pages\/48\/revisions"}],"predecessor-version":[{"id":4670,"href":"https:\/\/quartierverein-zollikerberg.ch\/index.php?rest_route=\/wp\/v2\/pages\/48\/revisions\/4670"}],"up":[{"embeddable":true,"href":"https:\/\/quartierverein-zollikerberg.ch\/index.php?rest_route=\/wp\/v2\/pages\/16"}],"wp:attachment":[{"href":"https:\/\/quartierverein-zollikerberg.ch\/index.php?rest_route=%2Fwp%2Fv2%2Fmedia&parent=48"}],"curies":[{"name":"wp","href":"https:\/\/api.w.org\/{rel}","templated":true}]}}