{"id":684,"date":"2016-10-05T17:23:54","date_gmt":"2016-10-05T15:23:54","guid":{"rendered":"http:\/\/quartierverein-zollikerberg.ch\/?page_id=684"},"modified":"2020-09-16T16:09:36","modified_gmt":"2020-09-16T14:09:36","slug":"unterfuehrungen","status":"publish","type":"page","link":"https:\/\/quartierverein-zollikerberg.ch\/?page_id=684","title":{"rendered":"Unterf\u00fchrungen"},"content":{"rendered":"\n<p>Der Quartierverein beobachtet schon seit langem die problematische Qualit\u00e4t der Unterf\u00fchrungen im Zollikerberg.<\/p>\n\n\n\n<p>Der Zustand einzelner Unterf\u00fchrungen hat sich deutlich verschlechtert und die Schmierereien sind ein grosses Aergernis! <\/p>\n\n\n\nngg_shortcode_0_placeholder\n\n\n\n<p>Im September 2016 hat man wieder mal einen formellen <a href=\"http:\/\/quartierverein-zollikerberg.ch\/wp-content\/uploads\/2016\/10\/B-Kant-Tiefbauamt-Unterf\u00fchrungen-rev-Sept-2016.pdf\">Brief ans kantonale Tiefbauamt<\/a>&nbsp;geschickt, da dieses f\u00fcr Objekte unter den Kantonsstrassen zust\u00e4ndig ist.<\/p>\n\n\n\n\t\t<div class=\"wppdfemb-frame-container-1\" style=\"-webkit-overflow-scrolling:auto;\">\n\t\t\t<iframe class=\"pdfembed-iframe nonfullscreen wppdf-emb-iframe-1\"\n\t\t\t\tsrc=\"https:\/\/quartierverein-zollikerberg.ch\/?pdfemb-data=eyJwZGZJRCI6MTg5MSwidXJsIjoiaHR0cDpcL1wvcXVhcnRpZXJ2ZXJlaW4tem9sbGlrZXJiZXJnLmNoXC93cC1jb250ZW50XC91cGxvYWRzXC8yMDE5XC8wNlwvQW10LWZcdTAwZmNyLVZlcmtlaHItUFUtRm9yY2hzdHJhc3NlLTE2MTEwNy5wZGYiLCJpbmRleCI6MX0\"\n\t\t\t\tdata-pdf-id=\"1891\"\n\t\t\t\tdata-pdf-index=\"1\"\n\t\t\t\tstyle=\"border:none;width:100%;max-width:100%;height:100vh;\"\n\t\t\t\tscrolling=\"yes\">\n\t\t\t<\/iframe>\n\t\t<\/div>\n\n\t\t\n<p class=\"wp-block-pdfemb-pdf-embedder-viewer\"><\/p>\n\n\n\n<p><\/p>\n","protected":false},"excerpt":{"rendered":"<div class=\"mh-excerpt\"><p>Der Quartierverein beobachtet schon seit langem die problematische Qualit\u00e4t der Unterf\u00fchrungen im Zollikerberg. Der Zustand einzelner Unterf\u00fchrungen hat sich deutlich verschlechtert und die Schmierereien sind ein grosses Aergernis! Im September 2016 hat man wieder mal <a class=\"mh-excerpt-more\" href=\"https:\/\/quartierverein-zollikerberg.ch\/?page_id=684\" title=\"Unterf\u00fchrungen\">[&#8230;]<\/a><\/p>\n<\/div>","protected":false},"author":1,"featured_media":0,"parent":405,"menu_order":0,"comment_status":"closed","ping_status":"closed","template":"","meta":{"ngg_post_thumbnail":0,"footnotes":""},"class_list":["post-684","page","type-page","status-publish"],"_links":{"self":[{"href":"https:\/\/quartierverein-zollikerberg.ch\/index.php?rest_route=\/wp\/v2\/pages\/684","targetHints":{"allow":["GET"]}}],"collection":[{"href":"https:\/\/quartierverein-zollikerberg.ch\/index.php?rest_route=\/wp\/v2\/pages"}],"about":[{"href":"https:\/\/quartierverein-zollikerberg.ch\/index.php?rest_route=\/wp\/v2\/types\/page"}],"author":[{"embeddable":true,"href":"https:\/\/quartierverein-zollikerberg.ch\/index.php?rest_route=\/wp\/v2\/users\/1"}],"replies":[{"embeddable":true,"href":"https:\/\/quartierverein-zollikerberg.ch\/index.php?rest_route=%2Fwp%2Fv2%2Fcomments&post=684"}],"version-history":[{"count":7,"href":"https:\/\/quartierverein-zollikerberg.ch\/index.php?rest_route=\/wp\/v2\/pages\/684\/revisions"}],"predecessor-version":[{"id":2246,"href":"https:\/\/quartierverein-zollikerberg.ch\/index.php?rest_route=\/wp\/v2\/pages\/684\/revisions\/2246"}],"up":[{"embeddable":true,"href":"https:\/\/quartierverein-zollikerberg.ch\/index.php?rest_route=\/wp\/v2\/pages\/405"}],"wp:attachment":[{"href":"https:\/\/quartierverein-zollikerberg.ch\/index.php?rest_route=%2Fwp%2Fv2%2Fmedia&parent=684"}],"curies":[{"name":"wp","href":"https:\/\/api.w.org\/{rel}","templated":true}]}}