{"id":70,"date":"2016-03-31T21:11:40","date_gmt":"2016-03-31T19:11:40","guid":{"rendered":"http:\/\/quartierverein-zollikerberg.ch.marissa.ch-meta.net\/?page_id=70"},"modified":"2020-02-19T18:41:24","modified_gmt":"2020-02-19T16:41:24","slug":"was-sie-sonst-noch-ueber-den-qv-wissen-koennten","status":"publish","type":"page","link":"https:\/\/quartierverein-zollikerberg.ch\/?page_id=70","title":{"rendered":"Wissenswertes"},"content":{"rendered":"\n<div class=\"wp-block-columns is-layout-flex wp-container-core-columns-is-layout-9d6595d7 wp-block-columns-is-layout-flex\">\n<div class=\"wp-block-column is-layout-flow wp-block-column-is-layout-flow\">\n<p> Die \u00e4ltesten Siedlungen sind wohl der Hof in der <em>Unterhueb<\/em>, das ehemalige <em>Trichtenhusen<\/em> und der <em>Wilhof<\/em>. Sp\u00e4ter kamen die <em>Oberhueb<\/em>, der<em>Sennhof<\/em> und der <em>Sonnengarten<\/em> dazu. Als Einzelsiedlung stand schon fr\u00fch die <a href=\"https:\/\/de.wikipedia.org\/wiki\/Trichtenhauser_M%C3%BChle\">Trichtenhauser M\u00fchle<\/a> im Tobel des Wehrenbachs. <\/p>\n<\/div>\n\n\n\n<div class=\"wp-block-column is-layout-flow wp-block-column-is-layout-flow\">\n<figure class=\"wp-block-image size-large is-resized\"><img loading=\"lazy\" decoding=\"async\" src=\"http:\/\/quartierverein-zollikerberg.ch\/wp-content\/uploads\/2016\/03\/Kirche-ref-ZB.jpg\" alt=\"\" class=\"wp-image-56\" width=\"144\" height=\"144\"\/><figcaption>Ref. Kirche<\/figcaption><\/figure>\n<\/div>\n\n\n\n<div class=\"wp-block-column is-layout-flow wp-block-column-is-layout-flow\">\n<figure class=\"wp-block-image size-large is-resized\"><img loading=\"lazy\" decoding=\"async\" src=\"http:\/\/quartierverein-zollikerberg.ch\/wp-content\/uploads\/2016\/03\/Kirche-kat-ZB.jpg\" alt=\"\" class=\"wp-image-241\" width=\"147\" height=\"147\"\/><figcaption>Kath. Kirche<\/figcaption><\/figure>\n<\/div>\n<\/div>\n\n\n\n<p> &nbsp;Einst im Mai \u2013 Alpaufzug mit unserer \u201cZ\u00fcri-Chue\u201d <\/p>\n\n\n\n<div class=\"wp-block-columns is-layout-flex wp-container-core-columns-is-layout-9d6595d7 wp-block-columns-is-layout-flex\">\n<div class=\"wp-block-column is-layout-flow wp-block-column-is-layout-flow\">\n<figure class=\"wp-block-image size-large\"><img loading=\"lazy\" decoding=\"async\" width=\"640\" height=\"480\" src=\"http:\/\/quartierverein-zollikerberg.ch\/wp-content\/uploads\/2016\/04\/Kuh-auf-Berg.jpg\" alt=\"\" class=\"wp-image-226\" srcset=\"https:\/\/quartierverein-zollikerberg.ch\/wp-content\/uploads\/2016\/04\/Kuh-auf-Berg.jpg 640w, https:\/\/quartierverein-zollikerberg.ch\/wp-content\/uploads\/2016\/04\/Kuh-auf-Berg-300x225.jpg 300w, https:\/\/quartierverein-zollikerberg.ch\/wp-content\/uploads\/2016\/04\/Kuh-auf-Berg-326x245.jpg 326w, https:\/\/quartierverein-zollikerberg.ch\/wp-content\/uploads\/2016\/04\/Kuh-auf-Berg-80x60.jpg 80w\" sizes=\"auto, (max-width: 640px) 100vw, 640px\" \/><\/figure>\n<\/div>\n\n\n\n<div class=\"wp-block-column is-layout-flow wp-block-column-is-layout-flow\">\n<figure class=\"wp-block-image size-large\"><img loading=\"lazy\" decoding=\"async\" width=\"640\" height=\"480\" src=\"http:\/\/quartierverein-zollikerberg.ch\/wp-content\/uploads\/2016\/03\/Alpaufzug-vor-Chrami.jpg\" alt=\"\" class=\"wp-image-343\" srcset=\"https:\/\/quartierverein-zollikerberg.ch\/wp-content\/uploads\/2016\/03\/Alpaufzug-vor-Chrami.jpg 640w, https:\/\/quartierverein-zollikerberg.ch\/wp-content\/uploads\/2016\/03\/Alpaufzug-vor-Chrami-300x225.jpg 300w, https:\/\/quartierverein-zollikerberg.ch\/wp-content\/uploads\/2016\/03\/Alpaufzug-vor-Chrami-326x245.jpg 326w, https:\/\/quartierverein-zollikerberg.ch\/wp-content\/uploads\/2016\/03\/Alpaufzug-vor-Chrami-80x60.jpg 80w\" sizes=\"auto, (max-width: 640px) 100vw, 640px\" \/><\/figure>\n<\/div>\n<\/div>\n\n\n\n<div class=\"wp-block-columns is-layout-flex wp-container-core-columns-is-layout-9d6595d7 wp-block-columns-is-layout-flex\">\n<div class=\"wp-block-column is-layout-flow wp-block-column-is-layout-flow\">\nngg_shortcode_0_placeholder\n<\/div>\n\n\n\n<div class=\"wp-block-column is-layout-flow wp-block-column-is-layout-flow\">\nngg_shortcode_1_placeholder\n<\/div>\n<\/div>\n","protected":false},"excerpt":{"rendered":"<div class=\"mh-excerpt\"><p>Die \u00e4ltesten Siedlungen sind wohl der Hof in der Unterhueb, das ehemalige Trichtenhusen und der Wilhof. Sp\u00e4ter kamen die Oberhueb, derSennhof und der Sonnengarten dazu. Als Einzelsiedlung stand schon fr\u00fch die Trichtenhauser M\u00fchle im Tobel <a class=\"mh-excerpt-more\" href=\"https:\/\/quartierverein-zollikerberg.ch\/?page_id=70\" title=\"Wissenswertes\">[&#8230;]<\/a><\/p>\n<\/div>","protected":false},"author":1,"featured_media":0,"parent":16,"menu_order":0,"comment_status":"closed","ping_status":"closed","template":"","meta":{"ngg_post_thumbnail":0,"footnotes":""},"class_list":["post-70","page","type-page","status-publish"],"_links":{"self":[{"href":"https:\/\/quartierverein-zollikerberg.ch\/index.php?rest_route=\/wp\/v2\/pages\/70","targetHints":{"allow":["GET"]}}],"collection":[{"href":"https:\/\/quartierverein-zollikerberg.ch\/index.php?rest_route=\/wp\/v2\/pages"}],"about":[{"href":"https:\/\/quartierverein-zollikerberg.ch\/index.php?rest_route=\/wp\/v2\/types\/page"}],"author":[{"embeddable":true,"href":"https:\/\/quartierverein-zollikerberg.ch\/index.php?rest_route=\/wp\/v2\/users\/1"}],"replies":[{"embeddable":true,"href":"https:\/\/quartierverein-zollikerberg.ch\/index.php?rest_route=%2Fwp%2Fv2%2Fcomments&post=70"}],"version-history":[{"count":27,"href":"https:\/\/quartierverein-zollikerberg.ch\/index.php?rest_route=\/wp\/v2\/pages\/70\/revisions"}],"predecessor-version":[{"id":2122,"href":"https:\/\/quartierverein-zollikerberg.ch\/index.php?rest_route=\/wp\/v2\/pages\/70\/revisions\/2122"}],"up":[{"embeddable":true,"href":"https:\/\/quartierverein-zollikerberg.ch\/index.php?rest_route=\/wp\/v2\/pages\/16"}],"wp:attachment":[{"href":"https:\/\/quartierverein-zollikerberg.ch\/index.php?rest_route=%2Fwp%2Fv2%2Fmedia&parent=70"}],"curies":[{"name":"wp","href":"https:\/\/api.w.org\/{rel}","templated":true}]}}